{"id":512,"date":"2021-01-20T23:04:37","date_gmt":"2021-01-20T22:04:37","guid":{"rendered":"http:\/\/www.snepfsu-martinique.net\/?page_id=512"},"modified":"2022-04-14T18:36:01","modified_gmt":"2022-04-14T16:36:01","slug":"les-courriers","status":"publish","type":"page","link":"https:\/\/www.snepfsu-martinique.net\/index.php\/les-courriers\/","title":{"rendered":"Les courriers"},"content":{"rendered":"\n<p>14\/04\/2022 : <a href=\"http:\/\/www.snepfsu-martinique.net\/wp-content\/uploads\/2022\/04\/Proposition-de-lettre-du-SNEP-a-la-CTM-.pdf\">courrier au pr\u00e9sident de la CTM<\/a> pour solliciter une audience au sujet des \u00e9quipements sportifs de la collectivit\u00e9 <a href=\"http:\/\/www.snepfsu-martinique.net\/wp-content\/uploads\/2022\/04\/Proposition-de-lettre-du-SNEP-a-la-CTM-.pdf\"><img decoding=\"async\" loading=\"lazy\" width=\"128\" height=\"128\" class=\"wp-image-224\" style=\"width: 30px;\" src=\"http:\/\/www.snepfsu-martinique.net\/wp-content\/uploads\/2020\/12\/icon-pdf-1.png\" alt=\"\"><\/a><\/p>\n\n\n\n<p><\/p>\n\n\n\n<hr class=\"wp-block-separator\"\/>\n\n\n\n<p>19\/03\/2021 : <a href=\"http:\/\/www.snepfsu-martinique.net\/wp-content\/uploads\/2021\/03\/courrier-Mme-Saithsoothane.pdf\">courrier \u00e0 Mme Sa\u00efthsoothane<\/a> pour d\u00e9noncer l&rsquo;immobilisme administratif dans l&rsquo;am\u00e9nagement et la s\u00e9curisation du plateau sportif du LGT Frantz Fanon <a href=\"http:\/\/www.snepfsu-martinique.net\/wp-content\/uploads\/2021\/03\/courrier-Mme-Saithsoothane.pdf\"><img decoding=\"async\" loading=\"lazy\" width=\"128\" height=\"128\" class=\"wp-image-224\" src=\"http:\/\/www.snepfsu-martinique.net\/wp-content\/uploads\/2020\/12\/icon-pdf-1.png\" alt=\"\" style=\"width: 30px;\"><\/a><\/p>\n\n\n\n<hr class=\"wp-block-separator\"\/>\n\n\n\n<p>01\/03\/2021 : <a href=\"http:\/\/www.snepfsu-martinique.net\/wp-content\/uploads\/2021\/03\/courrier_option_lycee_2021.pdf\">courrier au recteur<\/a> pour l&rsquo;annonce des <strong><em>lyc\u00e9es accueillant l&rsquo;enseignement de sp\u00e9cialit\u00e9 EPPCS<\/em><\/strong> <a href=\"http:\/\/www.snepfsu-martinique.net\/wp-content\/uploads\/2021\/03\/courrier_option_lycee_2021.pdf\"><img decoding=\"async\" loading=\"lazy\" width=\"128\" height=\"128\" class=\"wp-image-224\" src=\"http:\/\/www.snepfsu-martinique.net\/wp-content\/uploads\/2020\/12\/icon-pdf-1.png\" alt=\"\" style=\"width: 30px;\"><\/a><\/p>\n\n\n\n<hr class=\"wp-block-separator\"\/>\n\n\n\n<p>12\/02\/2021 : demande de convocation au <a href=\"http:\/\/www.snepfsu-martinique.net\/wp-content\/uploads\/2021\/03\/courrier-demande-CRUNSS-2021.pdf\">Conseil R\u00e9gional de l&rsquo;UNSS <img decoding=\"async\" loading=\"lazy\" width=\"128\" height=\"128\" class=\"wp-image-224\" src=\"http:\/\/www.snepfsu-martinique.net\/wp-content\/uploads\/2020\/12\/icon-pdf-1.png\" alt=\"\" style=\"width: 30px;\"><\/a><\/p>\n","protected":false},"excerpt":{"rendered":"<p>14\/04\/2022 : courrier au pr\u00e9sident de la CTM pour solliciter une audience au sujet des \u00e9quipements sportifs de la collectivit\u00e9<\/p>\n","protected":false},"author":1,"featured_media":0,"parent":0,"menu_order":0,"comment_status":"closed","ping_status":"closed","template":"","meta":{"_bbp_topic_count":0,"_bbp_reply_count":0,"_bbp_total_topic_count":0,"_bbp_total_reply_count":0,"_bbp_voice_count":0,"_bbp_anonymous_reply_count":0,"_bbp_topic_count_hidden":0,"_bbp_reply_count_hidden":0,"_bbp_forum_subforum_count":0},"_links":{"self":[{"href":"https:\/\/www.snepfsu-martinique.net\/index.php\/wp-json\/wp\/v2\/pages\/512"}],"collection":[{"href":"https:\/\/www.snepfsu-martinique.net\/index.php\/wp-json\/wp\/v2\/pages"}],"about":[{"href":"https:\/\/www.snepfsu-martinique.net\/index.php\/wp-json\/wp\/v2\/types\/page"}],"author":[{"embeddable":true,"href":"https:\/\/www.snepfsu-martinique.net\/index.php\/wp-json\/wp\/v2\/users\/1"}],"replies":[{"embeddable":true,"href":"https:\/\/www.snepfsu-martinique.net\/index.php\/wp-json\/wp\/v2\/comments?post=512"}],"version-history":[{"count":12,"href":"https:\/\/www.snepfsu-martinique.net\/index.php\/wp-json\/wp\/v2\/pages\/512\/revisions"}],"predecessor-version":[{"id":1584,"href":"https:\/\/www.snepfsu-martinique.net\/index.php\/wp-json\/wp\/v2\/pages\/512\/revisions\/1584"}],"wp:attachment":[{"href":"https:\/\/www.snepfsu-martinique.net\/index.php\/wp-json\/wp\/v2\/media?parent=512"}],"curies":[{"name":"wp","href":"https:\/\/api.w.org\/{rel}","templated":true}]}}