{"id":510,"date":"2021-01-20T23:04:37","date_gmt":"2021-01-20T22:04:37","guid":{"rendered":"http:\/\/www.snepfsu-martinique.net\/?page_id=510"},"modified":"2021-01-21T01:01:33","modified_gmt":"2021-01-21T00:01:33","slug":"vie-syndicale","status":"publish","type":"page","link":"https:\/\/www.snepfsu-martinique.net\/index.php\/vie-syndicale\/","title":{"rendered":"Vie syndicale"},"content":{"rendered":"\n<p class=\"has-text-align-center\"><a href=\"http:\/\/www.snepfsu-martinique.net\/index.php\/elections-professionnelles\/\">\u00c9lections professionnelles<\/a><\/p>\n\n\n\n<p class=\"has-text-align-center\"><a href=\"http:\/\/www.snepfsu-martinique.net\/index.php\/les-courriers\/\">Les courriers<\/a><\/p>\n\n\n\n<p class=\"has-text-align-center\"><a href=\"http:\/\/www.snepfsu.net\/petition\/letpetsom.php\">Les p\u00e9titions<\/a><\/p>\n\n\n\n<p class=\"has-text-align-center\"><a href=\"http:\/\/www.snepfsu-martinique.net\/index.php\/les-comptes-rendus\/\">Les comptes-rendus<\/a><\/p>\n\n\n\n<p class=\"has-text-align-center\"><a href=\"http:\/\/www.snepfsu-martinique.net\/index.php\/les-communiques-de-presse\/\">Les communiqu\u00e9s de presse<\/a><\/p>\n","protected":false},"excerpt":{"rendered":"<p>\u00c9lections professionnelles Les courriers Les p\u00e9titions Les comptes-rendus Les communiqu\u00e9s de presse<\/p>\n","protected":false},"author":1,"featured_media":0,"parent":0,"menu_order":0,"comment_status":"closed","ping_status":"closed","template":"","meta":{"_bbp_topic_count":0,"_bbp_reply_count":0,"_bbp_total_topic_count":0,"_bbp_total_reply_count":0,"_bbp_voice_count":0,"_bbp_anonymous_reply_count":0,"_bbp_topic_count_hidden":0,"_bbp_reply_count_hidden":0,"_bbp_forum_subforum_count":0},"_links":{"self":[{"href":"https:\/\/www.snepfsu-martinique.net\/index.php\/wp-json\/wp\/v2\/pages\/510"}],"collection":[{"href":"https:\/\/www.snepfsu-martinique.net\/index.php\/wp-json\/wp\/v2\/pages"}],"about":[{"href":"https:\/\/www.snepfsu-martinique.net\/index.php\/wp-json\/wp\/v2\/types\/page"}],"author":[{"embeddable":true,"href":"https:\/\/www.snepfsu-martinique.net\/index.php\/wp-json\/wp\/v2\/users\/1"}],"replies":[{"embeddable":true,"href":"https:\/\/www.snepfsu-martinique.net\/index.php\/wp-json\/wp\/v2\/comments?post=510"}],"version-history":[{"count":5,"href":"https:\/\/www.snepfsu-martinique.net\/index.php\/wp-json\/wp\/v2\/pages\/510\/revisions"}],"predecessor-version":[{"id":575,"href":"https:\/\/www.snepfsu-martinique.net\/index.php\/wp-json\/wp\/v2\/pages\/510\/revisions\/575"}],"wp:attachment":[{"href":"https:\/\/www.snepfsu-martinique.net\/index.php\/wp-json\/wp\/v2\/media?parent=510"}],"curies":[{"name":"wp","href":"https:\/\/api.w.org\/{rel}","templated":true}]}}