{"id":506,"date":"2021-01-20T23:04:36","date_gmt":"2021-01-20T22:04:36","guid":{"rendered":"http:\/\/www.snepfsu-martinique.net\/?page_id=506"},"modified":"2026-03-26T23:42:04","modified_gmt":"2026-03-26T22:42:04","slug":"stages","status":"publish","type":"page","link":"https:\/\/www.snepfsu-martinique.net\/index.php\/stages\/","title":{"rendered":"Stages et infos diverses"},"content":{"rendered":"\n<p><a href=\"http:\/\/www.snepfsu-martinique.net\/index.php\/modele-de-demande-de-stage\/\" data-type=\"URL\" data-id=\"http:\/\/www.snepfsu-martinique.net\/index.php\/modele-de-demande-de-stage\/\" target=\"_blank\" rel=\"noreferrer noopener\">Mod\u00e8le de demande de stage<\/a><\/p>\n\n\n\n<p><a href=\"http:\/\/www.snepfsu-martinique.net\/index.php\/liste-des-stages\/\" data-type=\"URL\" data-id=\"http:\/\/www.snepfsu-martinique.net\/index.php\/liste-des-stages\/\" target=\"_blank\" rel=\"noreferrer noopener\">Liste des stages<\/a><\/p>\n\n\n\n<p><a rel=\"noreferrer noopener\" href=\"http:\/\/www.snepfsu-martinique.net\/index.php\/enquete-equipements-sportifs\/\" data-type=\"URL\" data-id=\"http:\/\/www.snepfsu-martinique.net\/index.php\/enquete-equipements-sportifs\/\" target=\"_blank\">Enqu\u00eate \u00e9quipements sportifs<\/a><\/p>\n\n\n\n<p><a href=\"https:\/\/www.snepfsu-martinique.net\/index.php\/infos-diverses\/psc\/\">info PSC<\/a><\/p>\n\n\n\n<p><\/p>\n","protected":false},"excerpt":{"rendered":"<p>Mod\u00e8le de demande de stage Liste des stages Enqu\u00eate \u00e9quipements sportifs info PSC<\/p>\n","protected":false},"author":1,"featured_media":0,"parent":0,"menu_order":0,"comment_status":"closed","ping_status":"closed","template":"","meta":{"_bbp_topic_count":0,"_bbp_reply_count":0,"_bbp_total_topic_count":0,"_bbp_total_reply_count":0,"_bbp_voice_count":0,"_bbp_anonymous_reply_count":0,"_bbp_topic_count_hidden":0,"_bbp_reply_count_hidden":0,"_bbp_forum_subforum_count":0},"_links":{"self":[{"href":"https:\/\/www.snepfsu-martinique.net\/index.php\/wp-json\/wp\/v2\/pages\/506"}],"collection":[{"href":"https:\/\/www.snepfsu-martinique.net\/index.php\/wp-json\/wp\/v2\/pages"}],"about":[{"href":"https:\/\/www.snepfsu-martinique.net\/index.php\/wp-json\/wp\/v2\/types\/page"}],"author":[{"embeddable":true,"href":"https:\/\/www.snepfsu-martinique.net\/index.php\/wp-json\/wp\/v2\/users\/1"}],"replies":[{"embeddable":true,"href":"https:\/\/www.snepfsu-martinique.net\/index.php\/wp-json\/wp\/v2\/comments?post=506"}],"version-history":[{"count":9,"href":"https:\/\/www.snepfsu-martinique.net\/index.php\/wp-json\/wp\/v2\/pages\/506\/revisions"}],"predecessor-version":[{"id":4930,"href":"https:\/\/www.snepfsu-martinique.net\/index.php\/wp-json\/wp\/v2\/pages\/506\/revisions\/4930"}],"wp:attachment":[{"href":"https:\/\/www.snepfsu-martinique.net\/index.php\/wp-json\/wp\/v2\/media?parent=506"}],"curies":[{"name":"wp","href":"https:\/\/api.w.org\/{rel}","templated":true}]}}