{"id":4918,"date":"2026-03-26T23:27:54","date_gmt":"2026-03-26T22:27:54","guid":{"rendered":"https:\/\/www.snepfsu-martinique.net\/?page_id=4918"},"modified":"2026-03-27T00:33:40","modified_gmt":"2026-03-26T23:33:40","slug":"psc","status":"publish","type":"page","link":"https:\/\/www.snepfsu-martinique.net\/index.php\/infos-diverses\/psc\/","title":{"rendered":"PSC"},"content":{"rendered":"\n<p>docs \u00e0 lire et \u00e0 t\u00e9l\u00e9charger  <a href=\"http:\/\/www.snepfsu-martinique.net\/wp-content\/uploads\/2026\/03\/4p-A4-PCS-US867-PDF-BD-BAT.pdf\">numero special FSU ic<\/a>i et <a href=\"http:\/\/www.snepfsu-martinique.net\/wp-content\/uploads\/2026\/03\/Notice_information.pdf\">notice d &lsquo;information MGEN ici<\/a><\/p>\n\n\n\n<p>\ud83d\udce2 [SNEP-FSU Martinique \u2013 Information importante PSC  le 21 mars 2026<\/p>\n\n\n\n<p>Bonjour \u00e0 toutes et tous,<\/p>\n\n\n\n<p>Le SNEP-FSU Martinique souhaite attirer votre attention sur les messages r\u00e9cemment re\u00e7us concernant la pr\u00e9voyance PSC (notamment via la MGEN).<\/p>\n\n\n\n<p>\ud83d\udcb3 \ud83d\udc49 Si vous \u00eates sollicit\u00e9s pour transmettre vos coordonn\u00e9es bancaires, sachez qu\u2019il s\u2019agit d\u2019une d\u00e9marche technique et sans engagement, visant \u00e0 \u00e9viter une rupture de couverture.<\/p>\n\n\n\n<p>\u26a0\ufe0f Attention : l\u2019adh\u00e9sion \u00e0 la pr\u00e9voyance reste facultative.<br>\ud83d\udcde Une \u00e9tape ult\u00e9rieure n\u00e9cessitera :<\/p>\n\n\n\n<ul>\n<li>un contact avec la MGEN,<\/li>\n\n\n\n<li>puis une d\u00e9cision \u00e9clair\u00e9e de votre part quant \u00e0 une \u00e9ventuelle adh\u00e9sion.<\/li>\n<\/ul>\n\n\n\n<p>\ud83d\udc40 Nous vous invitons \u00e0 rester vigilants face aux communications re\u00e7ues et \u00e0 ne pas confondre transmission d\u2019informations et engagement contractuel.<\/p>\n\n\n\n<p>\ud83e\udd1d Le SNEP-FSU Martinique reste \u00e0 votre disposition pour toute question ou accompagnement dans vos d\u00e9marches.<\/p>\n\n\n\n<p>Solidairement,<br>Le bureau du SNEP-FSU Martinique<\/p>\n","protected":false},"excerpt":{"rendered":"<p>PCS<\/p>\n","protected":false},"author":1,"featured_media":0,"parent":348,"menu_order":1,"comment_status":"closed","ping_status":"closed","template":"","meta":{"_bbp_topic_count":0,"_bbp_reply_count":0,"_bbp_total_topic_count":0,"_bbp_total_reply_count":0,"_bbp_voice_count":0,"_bbp_anonymous_reply_count":0,"_bbp_topic_count_hidden":0,"_bbp_reply_count_hidden":0,"_bbp_forum_subforum_count":0},"_links":{"self":[{"href":"https:\/\/www.snepfsu-martinique.net\/index.php\/wp-json\/wp\/v2\/pages\/4918"}],"collection":[{"href":"https:\/\/www.snepfsu-martinique.net\/index.php\/wp-json\/wp\/v2\/pages"}],"about":[{"href":"https:\/\/www.snepfsu-martinique.net\/index.php\/wp-json\/wp\/v2\/types\/page"}],"author":[{"embeddable":true,"href":"https:\/\/www.snepfsu-martinique.net\/index.php\/wp-json\/wp\/v2\/users\/1"}],"replies":[{"embeddable":true,"href":"https:\/\/www.snepfsu-martinique.net\/index.php\/wp-json\/wp\/v2\/comments?post=4918"}],"version-history":[{"count":3,"href":"https:\/\/www.snepfsu-martinique.net\/index.php\/wp-json\/wp\/v2\/pages\/4918\/revisions"}],"predecessor-version":[{"id":4943,"href":"https:\/\/www.snepfsu-martinique.net\/index.php\/wp-json\/wp\/v2\/pages\/4918\/revisions\/4943"}],"up":[{"embeddable":true,"href":"https:\/\/www.snepfsu-martinique.net\/index.php\/wp-json\/wp\/v2\/pages\/348"}],"wp:attachment":[{"href":"https:\/\/www.snepfsu-martinique.net\/index.php\/wp-json\/wp\/v2\/media?parent=4918"}],"curies":[{"name":"wp","href":"https:\/\/api.w.org\/{rel}","templated":true}]}}