{"id":4749,"date":"2023-05-18T02:15:14","date_gmt":"2023-05-18T00:15:14","guid":{"rendered":"http:\/\/www.snepfsu-martinique.net\/?page_id=4749"},"modified":"2023-05-18T02:15:15","modified_gmt":"2023-05-18T00:15:15","slug":"compte-rendu-de-laudience-au-rectorat-du-snep-fsu-martinique-13-05-2023","status":"publish","type":"page","link":"https:\/\/www.snepfsu-martinique.net\/index.php\/compte-rendu-de-laudience-au-rectorat-du-snep-fsu-martinique-13-05-2023\/","title":{"rendered":"Compte-rendu de l\u2019audience au rectorat du\u00a0 SNEP-FSU\u00a0 Martinique (13\/05\/2023)"},"content":{"rendered":"\n<p><strong>Le SNEP FSU a sollicit\u00e9 une audience aupr\u00e8s de madame la rectrice pour faire un point sur les installations sportives utilis\u00e9es par les scolaires<\/strong><\/p>\n\n\n\n<p>La FSU repr\u00e9sent\u00e9e par M. Baclay , le SNEP FSU repr\u00e9sent\u00e9 par M. Coucoulis et M. Leleu ont \u00e9t\u00e9 re\u00e7u par m. Rodriguez, secr\u00e9taire g\u00e9n\u00e9ral adjoint et m. Thiery IPR EPS.<\/p>\n\n\n\n<p>Apr\u00e8s un tour de table de pr\u00e9sentation, M.. Baclay a fait une introduction en rappelant que le b\u00e2ti scolaire est un chantier extr\u00eamement important pour la FSU et qu\u2019il est n\u00e9cessaire de remettre les installations \u00e0 niveau pour l\u2019ensemble de la population scolaire martiniquaise.<\/p>\n\n\n\n<p>Ensuite, M. Coucoulis a d\u00e9velopp\u00e9 un argumentaire pr\u00e9cis et document\u00e9 sur l\u2019\u00e9tat des lieux des installations sportives utilis\u00e9es en EPS en Martinique.<\/p>\n\n\n\n<p><strong>Etat des lieux:<\/strong><\/p>\n\n\n\n<ul>\n<li>Carence en \u00e9quipement (24,7 \u00e9quipements \/10000 habitants contre 40,6 en France m\u00e9tropolitaine.<\/li>\n\n\n\n<li>70% des \u00e9quipements sportifs datent d\u2019avant 2005 dont 40% avant 1995.<\/li>\n\n\n\n<li>R\u00e9partition in\u00e9galitaire des installations sportives intra et extra muros sur le territoire.<\/li>\n\n\n\n<li>Victoire syndicale: des avanc\u00e9es ont pu \u00eatre not\u00e9es: en effet, depuis la derni\u00e8re enqu\u00eate , 15 \u00e9tablissements sur 30 demandeurs,&nbsp; ont vu le sol des plateaux sportifs \u00eatre refaits pour ne plus \u00eatre de couleurs grises ou noires afin de moins r\u00e9fl\u00e9chir la lumi\u00e8re. D\u2019autre part, des points d\u2018eau suppl\u00e9mentaire ont \u00e9t\u00e9 install\u00e9 sur les abords imm\u00e9diats des installations intra muros.<\/li>\n<\/ul>\n\n\n\n<p><strong>Probl\u00e8mes rencontr\u00e9s :<\/strong><\/p>\n\n\n\n<ul>\n<li>Absence de couverture des plateaux sportifs (64% des installations sportives sont non conformes)<\/li>\n\n\n\n<li>Plateaux sportifs en sols bitum\u00e9s.<\/li>\n\n\n\n<li>Absence de points d\u2019ombre (60% des installations ext\u00e9rieures ne sont pas \u00e9quip\u00e9es de points d\u2019ombre.<\/li>\n\n\n\n<li>Points d\u2019eau insuffisants.<\/li>\n\n\n\n<li>Une salle de classe pour l\u2019EPS c\u2019est quoi? Cf circulaire Blanquer 2013, qui pr\u00e9cise les exigences minist\u00e9rielles.&nbsp;<\/li>\n\n\n\n<li>Multiplication des SAE , probl\u00e8me de v\u00e9rification des SAE et des EPI (Equipements Individuels)<\/li>\n\n\n\n<li>Pas assez de place dans les piscines et Savoir nager laisser de cot\u00e9 durant la crise covid.<\/li>\n<\/ul>\n\n\n\n<p><strong>Points sensibles:<\/strong><\/p>\n\n\n\n<ul>\n<li>Selon le haut conseil de sant\u00e9 publique, l\u2019exposition aux UV est tr\u00e9s forte ( 8 \u00e0 10 sur une \u00e9chelle de 11) entre 10 et 14 heures.<\/li>\n<\/ul>\n\n\n\n<p>La pr\u00e9conisation de cet organisme est d\u2019\u00e9viter l\u2019exposition au soleil quand celui ci est au z\u00e9nith.<\/p>\n\n\n\n<p><strong>Qualit\u00e9 d\u2019usage:<\/strong><\/p>\n\n\n\n<p>Par rapport \u00e0 la faisabilit\u00e9 et afin de limiter les couts aupr\u00e8s de la collectivit\u00e9, les solutions qui peuvent \u00eatre mises en oeuvre et qui semblent urgentes \u00e0 proposer sont :<\/p>\n\n\n\n<ul>\n<li>Optimiser les temps d \u2018utilisation des \u00e9quipements et des horaires adapt\u00e9es.<\/li>\n\n\n\n<li>Rechercher une implantation des nouveaux \u00e9quipements dans des zones d\u2019ombre.<\/li>\n\n\n\n<li>Couvrir les plateaux sportifs.<\/li>\n\n\n\n<li>Pr\u00e9voir un acc\u00e8s imm\u00e9diat \u00e0 des points d\u2019eau en nombre suffisant.<\/li>\n<\/ul>\n\n\n\n<p><strong>B\u00e9n\u00e9fices:<\/strong><\/p>\n\n\n\n<p><strong>B\u00e9n\u00e9fice \u00e9cologique<\/strong> : Pour rappel, la collectivit\u00e9 de Martinique s\u2019es fix\u00e9e comme objectif 55,6% d\u2019\u00e9nergie renouvelable en 2023. Actuellement, nous en sommes \u00e0 25%.<\/p>\n\n\n\n<p>L\u2019ADEME pr\u00e9conisait 50% en 2022 et Autonomie en 2020<\/p>\n\n\n\n<p>L\u2019enjeu \u00e9conomique est d\u2019essayer de faire un appel d\u2019offre sur la couverture des plateaux sportifs et ensuite d\u2019y apposer des panneaux solaires afin d\u2019atteindre ce b\u00e9n\u00e9fice \u00e9cologique.<\/p>\n\n\n\n<p><strong>B\u00e9n\u00e9fice sanitaire<\/strong> est bel et bien pr\u00e9gnant dans la mesure ou la couverture d\u2019une installation sportive permet de limiter l\u2019exposition des \u00e9l\u00e8ves aux rayons UV, et de leur apprendre \u00e0 nager.<\/p>\n\n\n\n<p><strong>B\u00e9n\u00e9fice p\u00e9dagogique<\/strong> : temps de travail optimis\u00e9 et meilleure compr\u00e9hension des consignes .<\/p>\n\n\n\n<p><strong>B\u00e9n\u00e9fice institutionnel: <\/strong>pour le premi\u00e8re fois le Rectorat pourrait participer \u00e0 la mise en place d\u2019un v\u00e9ritable projet de sant\u00e9 publique afin que les jeunes Martiniquais ne souffrent pas plus tard de maladies de la peau et sachent nager.<\/p>\n\n\n\n<p><strong>B\u00e9n\u00e9fice politique:&nbsp; <\/strong>La transition \u00e9nerg\u00e9tique est un argument solide qui peut servir de pr\u00e9texte \u00e0 la couverture des \u00e9quipements sportifs existants. La CTM qui est propri\u00e9taire des installations y trouverait un double avantage en plus de satisfaire aux exigences scolaires en proposant des \u00ab&nbsp;salles de classes&nbsp;\u00bb adapt\u00e9es \u00e0 l\u2019EPS.&nbsp;<\/p>\n\n\n\n<p>1- augmenter les surfaces disponibles pour l\u2019installation de panneau photovolta\u00efques et tendre vers les objectifs attendus en \u00e9nergies renouvelables&nbsp;<\/p>\n\n\n\n<p>2- densifier sensiblement et mieux r\u00e9partir g\u00e9ographiquement des installations sportives adapt\u00e9es aux associations sportives&nbsp;<\/p>\n\n\n\n<p>De plus, cela permettrait \u00e0 la collectivit\u00e9 actuelle de faire mieux que la mandature pr\u00e9c\u00e9dente dans la mesure ou seulement 6 plateaux sportifs ont \u00e9t\u00e9 refaits au cours des 4 derni\u00e8res ann\u00e9es. Cela permettrait d\u2019\u00eatre responsable d\u2019une meilleure pr\u00e9paration physique et sportive des jeunes martiniquais \u00e0 l\u2019or\u00e9e des JO de Paris 2024.<\/p>\n\n\n\n<p>Enfin, le SNEP FSU a pr\u00e9sent\u00e9 son dernier outil: la carte interactive des installations sportives utilis\u00e9es par les EPLE&nbsp; de Martinique. Carte qui met en \u00e9vidences les in\u00e9galit\u00e9s au niveau de la qualit\u00e9 et de la r\u00e9partition des installations.&nbsp;<\/p>\n\n\n\n<figure class=\"wp-block-embed is-type-wp-embed is-provider-snepfsu-martinique wp-block-embed-snepfsu-martinique\"><div class=\"wp-block-embed__wrapper\">\n<blockquote class=\"wp-embedded-content\" data-secret=\"4s5EGU0BBy\"><a href=\"http:\/\/www.snepfsu-martinique.net\/index.php\/enquete-equipements-sportifs\/\">Enqu\u00eate \u00e9quipements sportifs<\/a><\/blockquote><iframe class=\"wp-embedded-content\" sandbox=\"allow-scripts\" security=\"restricted\" style=\"position: absolute; clip: rect(1px, 1px, 1px, 1px);\" title=\"\u00ab\u00a0Enqu\u00eate \u00e9quipements sportifs\u00a0\u00bb &#8212; Snepfsu-martinique\" src=\"http:\/\/www.snepfsu-martinique.net\/index.php\/enquete-equipements-sportifs\/embed\/#?secret=7JP0QscK9r#?secret=4s5EGU0BBy\" data-secret=\"4s5EGU0BBy\" width=\"600\" height=\"338\" frameborder=\"0\" marginwidth=\"0\" marginheight=\"0\" scrolling=\"no\"><\/iframe>\n<\/div><\/figure>\n\n\n\n<p>Apr\u00e8s en avoir termin\u00e9 avec l\u2019argumentaire sur les installations ; le SNEP FSU a propos\u00e9:<\/p>\n\n\n\n<ul>\n<li>De <strong>cr\u00e9er une commission ad-hoc o\u00f9 le Rectorat , la CTM et le SNEP se r\u00e9unirait <\/strong>pour faire de leur expertise afin d\u2019am\u00e9liorer le parc d installations&nbsp; existant, afin de faire des propositions sur l\u2019implantation de couverture de plateaux sportifs.<\/li>\n\n\n\n<li>De <strong>cr\u00e9er une commission s\u00e9curit\u00e9 SAE<\/strong> pour former des coll\u00e8gues \u00e0 m\u00eame de v\u00e9rifier la conformit\u00e9 des \u00e9quipements en escalade.<\/li>\n\n\n\n<li>D\u2019activer un <strong>plan natation lyc\u00e9e<\/strong> et une <strong>homologation de plan d\u2019eau suppl\u00e9mentaire<\/strong> pour palier au retard des coll\u00e9giens qui ont v\u00e9cu la p\u00e9riode COVID et n\u2019ont pas eu acc\u00e8s au \u00ab&nbsp;savoir nager&nbsp;\u00bb. En effet, beaucoup d\u2019\u00e9l\u00e8ves n\u2019ont pu acc\u00e9der \u00e0 la piscine pendant 3 ans et l\u2019acc\u00e8s aux \u00e9quipements ne permet une r\u00e9partition des piscines qui permettent un acc\u00e8s \u00e0 tous les niveaux de la scolarit\u00e9.<\/li>\n<\/ul>\n\n\n\n<p>En r\u00e9ponse, M. Rodriguez nous a affirm\u00e9 que nous pr\u00eachions un convaincu. Il nous a rappel\u00e9 que le rectorat n\u2019\u00e9tait pas propri\u00e9taire du b\u00e2ti et que les probl\u00e8mes soulev\u00e9s devaient se r\u00e9soudre \u00e0 travers un dialogue avec la CTM. Nos dol\u00e9ances seront remont\u00e9es aupr\u00e8s de madame la rectrice.<\/p>\n\n\n\n<p>Il a propos\u00e9 de mettre au PAF une formation sur la s\u00e9curit\u00e9 des \u00e9quipements en escalade. Il a ensuite laiss\u00e9 M. Thiery nous r\u00e9pondre plus pr\u00e9cis\u00e9ment.&nbsp;<\/p>\n\n\n\n<p>&nbsp;M l\u2019IPR nous a fait un point sur les relations existantes entre le rectorat et la CTM en ce qui concerne les installations. Les relations existent, les installations sportives sont \u00e9videmment un sujet pour lequel M. Thiery est tr\u00e8s impliqu\u00e9 mais les enjeux sont politiques et il est difficile d\u2019obtenir ce que l\u2019on veut pour les scolaires.&nbsp;<\/p>\n\n\n\n<p>La tendance au niveau de la collectivit\u00e9 est plut\u00f4t d\u2019axer sur l\u2019am\u00e9lioration de l\u2019existant plut\u00f4t que d\u2019investir. Certaines pistes ont \u00e9t\u00e9 \u00e9voqu\u00e9es, notamment un projet AMI (Appel \u00e0 Manifestation d\u2019Interet) avec le partenariat de la caisse des d\u00e9p\u00f4ts et consignations pour la cr\u00e9ation de 5 bases de plein air et la couverture de quelques plateaux sportifs\u2026..&nbsp; Le dossier a \u00e9t\u00e9 d\u00e9pos\u00e9 mais l\u2019inspection est en attente de nouvelles informations.<\/p>\n\n\n\n<p>Concernant le plan natation lyc\u00e9e il nous a pr\u00e9cis\u00e9 que si il y avait des moyens \u00e0 engager il serait plus enclin \u00e0 favoriser les plus jeunes. Il en a profit\u00e9 pour nous rappeler que malgr\u00e9 les carences en \u00e9quipements la priorit\u00e9 \u00e9tait de programmer un maximum d\u2019activit\u00e9s \u00ab&nbsp;qui font courir&nbsp;\u00bb.<\/p>\n\n\n\n<p>Il y aura une formation au PAF pour l\u2019escalade, mais sans doute \u00e9largie aux APPN dont les protocoles doivent obligatoirement \u00eatre valid\u00e9s en&nbsp; CA (seulement 4 \u00e9tablissements sur 66 sont \u00e0 jour de ce point de vue)\u2026.<\/p>\n\n\n\n<p>En conclusion: nous avons \u00e9t\u00e9 \u00e9cout\u00e9s attentivement, le SNEP FSU a fait un expos\u00e9 de grande qualit\u00e9, argument\u00e9. Malheureusement, c\u2019est un dossier qui n\u2019est pas difficile \u00e0 d\u00e9fendre!&nbsp;<\/p>\n\n\n\n<p>Nous avons surtout tent\u00e9 de montrer que le SNEP FSU avait des exigences&nbsp; et l\u2019expertise en tant que repr\u00e9sentant des utilisateurs et des comp\u00e9tences en termes de propositions sur les constructions. Nous souhaitons que les coll\u00e8gues soient associ\u00e9s en amont de tous projets concernant les installations sportives utilis\u00e9es par des scolaires en Martinique afin de pouvoir utiliser leur expertise .<\/p>\n\n\n\n<p>Ci apr\u00e8s les QR codes qui font le lien vers les diff\u00e9rents documents utilis\u00e9s pour la pr\u00e9sentation.<\/p>\n\n\n\n<figure class=\"wp-block-table\"><table><tbody><tr><td>Carte Martinique des \u00e9tablissements en fonction de la qualit\u00e9 de leurs installations<\/td><td>document r\u00e9f\u00e9rence : DGESCO&nbsp;<\/td><\/tr><tr><td><img decoding=\"async\" src=\"blob:http:\/\/www.snepfsu-martinique.net\/7ea6a822-d813-4ff0-a801-36c967c65e58\" alt=\"pastedGraphic.png\"><\/td><td><img decoding=\"async\" src=\"blob:http:\/\/www.snepfsu-martinique.net\/ce3d57ac-4c10-4da7-9566-223c3cd8613c\" alt=\"pastedGraphic_1.png\"><\/td><\/tr><tr><td>BATI SCOLAIRE&nbsp;Page 105 \u00e0 110<\/td><td>Missions ADEME<\/td><\/tr><tr><td><img decoding=\"async\" src=\"blob:http:\/\/www.snepfsu-martinique.net\/85e28557-bda9-49b4-bb97-afa2f2175cab\" alt=\"pastedGraphic_2.png\"><\/td><td><img decoding=\"async\" src=\"blob:http:\/\/www.snepfsu-martinique.net\/4489c5f2-db74-4ded-aea8-3beb85169acd\" alt=\"pastedGraphic_3.png\"><\/td><\/tr><\/tbody><\/table><\/figure>\n","protected":false},"excerpt":{"rendered":"<p>Le SNEP FSU a sollicit\u00e9 une audience aupr\u00e8s de madame la rectrice pour faire un point sur les installations sportives<\/p>\n","protected":false},"author":1,"featured_media":0,"parent":0,"menu_order":0,"comment_status":"closed","ping_status":"closed","template":"","meta":{"_bbp_topic_count":0,"_bbp_reply_count":0,"_bbp_total_topic_count":0,"_bbp_total_reply_count":0,"_bbp_voice_count":0,"_bbp_anonymous_reply_count":0,"_bbp_topic_count_hidden":0,"_bbp_reply_count_hidden":0,"_bbp_forum_subforum_count":0},"_links":{"self":[{"href":"https:\/\/www.snepfsu-martinique.net\/index.php\/wp-json\/wp\/v2\/pages\/4749"}],"collection":[{"href":"https:\/\/www.snepfsu-martinique.net\/index.php\/wp-json\/wp\/v2\/pages"}],"about":[{"href":"https:\/\/www.snepfsu-martinique.net\/index.php\/wp-json\/wp\/v2\/types\/page"}],"author":[{"embeddable":true,"href":"https:\/\/www.snepfsu-martinique.net\/index.php\/wp-json\/wp\/v2\/users\/1"}],"replies":[{"embeddable":true,"href":"https:\/\/www.snepfsu-martinique.net\/index.php\/wp-json\/wp\/v2\/comments?post=4749"}],"version-history":[{"count":1,"href":"https:\/\/www.snepfsu-martinique.net\/index.php\/wp-json\/wp\/v2\/pages\/4749\/revisions"}],"predecessor-version":[{"id":4750,"href":"https:\/\/www.snepfsu-martinique.net\/index.php\/wp-json\/wp\/v2\/pages\/4749\/revisions\/4750"}],"wp:attachment":[{"href":"https:\/\/www.snepfsu-martinique.net\/index.php\/wp-json\/wp\/v2\/media?parent=4749"}],"curies":[{"name":"wp","href":"https:\/\/api.w.org\/{rel}","templated":true}]}}