{"id":4653,"date":"2023-02-06T00:49:54","date_gmt":"2023-02-05T23:49:54","guid":{"rendered":"http:\/\/www.snepfsu-martinique.net\/?page_id=4653"},"modified":"2024-09-22T21:32:58","modified_gmt":"2024-09-22T19:32:58","slug":"enquete-equipements-sportifs","status":"publish","type":"page","link":"https:\/\/www.snepfsu-martinique.net\/index.php\/enquete-equipements-sportifs\/","title":{"rendered":"Enqu\u00eate \u00e9quipements sportifs"},"content":{"rendered":"\n<p><strong>COMPTE-RENDU DE L&rsquo;AUDIENCE AU RECTORAT DU SNEP-FSU MARTINIQUE (13\/05\/2023)<\/strong><\/p>\n\n\n\n<p>Une d\u00e9l\u00e9gation du SNEP-FSU Martinique, repr\u00e9sent\u00e9e par M. Baclay (FSU), M. Coucoulis et M. Leleu (SNEP-FSU), a \u00e9t\u00e9 re\u00e7ue le 13\/05\/2023 par M. Rodriguez, secr\u00e9taire g\u00e9n\u00e9ral adjoint et M. Thiery IPR EPS pour \u00e9voquer les probl\u00e9matiques li\u00e9es aux installations sportives utilis\u00e9es par les publics scolaires. Vous pouvez <strong><a href=\"http:\/\/www.snepfsu-martinique.net\/index.php\/compte-rendu-de-laudience-au-rectorat-du-snep-fsu-martinique-13-05-2023\/\" data-type=\"URL\" data-id=\"http:\/\/www.snepfsu-martinique.net\/index.php\/compte-rendu-de-laudience-au-rectorat-du-snep-fsu-martinique-13-05-2023\/\" target=\"_blank\" rel=\"noreferrer noopener\">consulter<\/a><\/strong> ou <strong><a rel=\"noreferrer noopener\" href=\"http:\/\/www.snepfsu-martinique.net\/wp-content\/uploads\/2023\/05\/Compte-rendu-de-laudience-au-rectorat-du-SNEP-FSU-Martinique-le-13-mai-2023-.pdf\" data-type=\"URL\" data-id=\"http:\/\/www.snepfsu-martinique.net\/wp-content\/uploads\/2023\/05\/Compte-rendu-de-laudience-au-rectorat-du-SNEP-FSU-Martinique-le-13-mai-2023-.pdf\" target=\"_blank\">t\u00e9l\u00e9charger<\/a><\/strong> le compte-rendu de cette audience.<\/p>\n\n\n\n<p><strong>CARTE DE MARTINIQUE DES \u00c9QUIPEMENTS SPORTIFS SCOLAIRES<\/strong><\/p>\n\n\n\n<p>Compte-rendu de l&rsquo;enqu\u00eate sur les \u00e9quipements sportifs scolaires dans l&rsquo;acad\u00e9mie de Martinique. Cliquez sur une commune pour acc\u00e9der \u00e0 la liste de ses \u00e9tablissements. Puis cliquez sur le nom de l&rsquo;\u00e9tablissement ou sur son \u00ab\u00a0score \u00e9quipement\u00a0\u00bb pour acc\u00e9der \u00e0 la fiche d\u00e9taill\u00e9e de ses installations.<\/p>\n\n\n<p><iframe loading=\"lazy\" src=\"https:\/\/docs.google.com\/presentation\/d\/1sThAejB-PjfcBdRKP29LfzZe8ESqLunUOpTM31cXog8\/embed?start=true&#038;loop=false&#038;delayms=60000\" frameborder=\"0\" width=\"1280\" height=\"749\" allowfullscreen=\"true\" mozallowfullscreen=\"true\" webkitallowfullscreen=\"true\"><\/iframe><\/p>\n\n\n\n<p>Cliquez <strong><a rel=\"noreferrer noopener\" href=\"http:\/\/www.snepfsu-martinique.net\/wp-content\/uploads\/2023\/02\/LGT-FRANTZ-FANON.pdf\" data-type=\"URL\" data-id=\"http:\/\/www.snepfsu-martinique.net\/wp-content\/uploads\/2023\/02\/LGT-FRANTZ-FANON.pdf\" target=\"_blank\">ICI<\/a><\/strong> pour t\u00e9l\u00e9charger un exemple de compte-rendu de l&rsquo;enqu\u00eate \u00e9quipements sportifs (LGT Frantz Fanon)<\/p>\n\n\n<a href=\"https:\/\/www.snepfsu-martinique.net\/wp-content\/uploads\/2023\/02\/LGT-FRANTZ-FANON.pdf\" class=\"pdfemb-viewer\" style=\"\" data-width=\"max\" data-height=\"max\" data-toolbar=\"bottom\" data-toolbar-fixed=\"off\">LGT-FRANTZ-FANON<\/a>","protected":false},"excerpt":{"rendered":"<p>COMPTE-RENDU DE L&rsquo;AUDIENCE AU RECTORAT DU SNEP-FSU MARTINIQUE (13\/05\/2023) Une d\u00e9l\u00e9gation du SNEP-FSU Martinique, repr\u00e9sent\u00e9e par M. Baclay (FSU), M.<\/p>\n","protected":false},"author":1,"featured_media":0,"parent":0,"menu_order":0,"comment_status":"closed","ping_status":"closed","template":"","meta":{"_bbp_topic_count":0,"_bbp_reply_count":0,"_bbp_total_topic_count":0,"_bbp_total_reply_count":0,"_bbp_voice_count":0,"_bbp_anonymous_reply_count":0,"_bbp_topic_count_hidden":0,"_bbp_reply_count_hidden":0,"_bbp_forum_subforum_count":0},"_links":{"self":[{"href":"https:\/\/www.snepfsu-martinique.net\/index.php\/wp-json\/wp\/v2\/pages\/4653"}],"collection":[{"href":"https:\/\/www.snepfsu-martinique.net\/index.php\/wp-json\/wp\/v2\/pages"}],"about":[{"href":"https:\/\/www.snepfsu-martinique.net\/index.php\/wp-json\/wp\/v2\/types\/page"}],"author":[{"embeddable":true,"href":"https:\/\/www.snepfsu-martinique.net\/index.php\/wp-json\/wp\/v2\/users\/1"}],"replies":[{"embeddable":true,"href":"https:\/\/www.snepfsu-martinique.net\/index.php\/wp-json\/wp\/v2\/comments?post=4653"}],"version-history":[{"count":10,"href":"https:\/\/www.snepfsu-martinique.net\/index.php\/wp-json\/wp\/v2\/pages\/4653\/revisions"}],"predecessor-version":[{"id":4855,"href":"https:\/\/www.snepfsu-martinique.net\/index.php\/wp-json\/wp\/v2\/pages\/4653\/revisions\/4855"}],"wp:attachment":[{"href":"https:\/\/www.snepfsu-martinique.net\/index.php\/wp-json\/wp\/v2\/media?parent=4653"}],"curies":[{"name":"wp","href":"https:\/\/api.w.org\/{rel}","templated":true}]}}