{"id":4644,"date":"2023-01-22T12:45:05","date_gmt":"2023-01-22T11:45:05","guid":{"rendered":"http:\/\/www.snepfsu-martinique.net\/?page_id=4644"},"modified":"2026-03-26T23:47:33","modified_gmt":"2026-03-26T22:47:33","slug":"adherer-au-snep","status":"publish","type":"page","link":"https:\/\/www.snepfsu-martinique.net\/index.php\/adherer-au-snep\/","title":{"rendered":"Adh\u00e9rer au SNEP"},"content":{"rendered":"\n<p>T\u00e9l\u00e9chargez &amp; remplissez la <strong><a href=\"http:\/\/www.snepfsu-martinique.net\/wp-content\/uploads\/2026\/03\/fiche_cotisation_2025_2026_DOM-1.pdf\" data-type=\"URL\" target=\"_blank\" rel=\"noreferrer noopener\">fiche d&rsquo;adh\u00e9sion<\/a><\/strong> ci-dessous.<\/p>\n\n\n\n<p>Puis renvoyez-la avec un RIB \u00e0 Pierre LELEU :  WhatsApp <img decoding=\"async\" loading=\"lazy\" width=\"1200\" height=\"1207\" class=\"wp-image-4645\" style=\"width: 30px;\" src=\"http:\/\/www.snepfsu-martinique.net\/wp-content\/uploads\/2023\/01\/WhatsApp.png\" alt=\"\" srcset=\"https:\/\/www.snepfsu-martinique.net\/wp-content\/uploads\/2023\/01\/WhatsApp.png 1200w, https:\/\/www.snepfsu-martinique.net\/wp-content\/uploads\/2023\/01\/WhatsApp-298x300.png 298w, https:\/\/www.snepfsu-martinique.net\/wp-content\/uploads\/2023\/01\/WhatsApp-1018x1024.png 1018w, https:\/\/www.snepfsu-martinique.net\/wp-content\/uploads\/2023\/01\/WhatsApp-150x150.png 150w, https:\/\/www.snepfsu-martinique.net\/wp-content\/uploads\/2023\/01\/WhatsApp-768x772.png 768w\" sizes=\"(max-width: 1200px) 100vw, 1200px\" \/>(+33) 06.45.66.48.72<\/p>\n\n\n\n<p>Vous pouvez aussi opter pour <a href=\"https:\/\/gri.snepfsu.net\/ADL\/\" data-type=\"URL\" data-id=\"https:\/\/gri.snepfsu.net\/ADL\/\" target=\"_blank\" rel=\"noreferrer noopener\">l&rsquo;adh\u00e9sion en ligne <img decoding=\"async\" loading=\"lazy\" width=\"128\" height=\"128\" class=\"wp-image-180\" style=\"width: 50px;\" src=\"http:\/\/www.snepfsu-martinique.net\/wp-content\/uploads\/2020\/12\/img-online-payment.png\" alt=\"\"><\/a><\/p>\n","protected":false},"excerpt":{"rendered":"<p>T\u00e9l\u00e9chargez &amp; remplissez la fiche d&rsquo;adh\u00e9sion ci-dessous. Puis renvoyez-la avec un RIB \u00e0 Pierre LELEU : WhatsApp (+33) 06.45.66.48.72 Vous<\/p>\n","protected":false},"author":1,"featured_media":0,"parent":0,"menu_order":0,"comment_status":"closed","ping_status":"closed","template":"","meta":{"_bbp_topic_count":0,"_bbp_reply_count":0,"_bbp_total_topic_count":0,"_bbp_total_reply_count":0,"_bbp_voice_count":0,"_bbp_anonymous_reply_count":0,"_bbp_topic_count_hidden":0,"_bbp_reply_count_hidden":0,"_bbp_forum_subforum_count":0},"_links":{"self":[{"href":"https:\/\/www.snepfsu-martinique.net\/index.php\/wp-json\/wp\/v2\/pages\/4644"}],"collection":[{"href":"https:\/\/www.snepfsu-martinique.net\/index.php\/wp-json\/wp\/v2\/pages"}],"about":[{"href":"https:\/\/www.snepfsu-martinique.net\/index.php\/wp-json\/wp\/v2\/types\/page"}],"author":[{"embeddable":true,"href":"https:\/\/www.snepfsu-martinique.net\/index.php\/wp-json\/wp\/v2\/users\/1"}],"replies":[{"embeddable":true,"href":"https:\/\/www.snepfsu-martinique.net\/index.php\/wp-json\/wp\/v2\/comments?post=4644"}],"version-history":[{"count":6,"href":"https:\/\/www.snepfsu-martinique.net\/index.php\/wp-json\/wp\/v2\/pages\/4644\/revisions"}],"predecessor-version":[{"id":4934,"href":"https:\/\/www.snepfsu-martinique.net\/index.php\/wp-json\/wp\/v2\/pages\/4644\/revisions\/4934"}],"wp:attachment":[{"href":"https:\/\/www.snepfsu-martinique.net\/index.php\/wp-json\/wp\/v2\/media?parent=4644"}],"curies":[{"name":"wp","href":"https:\/\/api.w.org\/{rel}","templated":true}]}}