{"id":433,"date":"2020-12-16T19:43:37","date_gmt":"2020-12-16T18:43:37","guid":{"rendered":"http:\/\/www.snepfsu-martinique.net\/?page_id=433"},"modified":"2021-01-21T00:46:19","modified_gmt":"2021-01-20T23:46:19","slug":"fiches-a-renvoyer","status":"publish","type":"page","link":"https:\/\/www.snepfsu-martinique.net\/index.php\/fiches-a-renvoyer\/","title":{"rendered":"Fiches \u00e0 renvoyer"},"content":{"rendered":"\n<h6><strong>R\u00e9sultats Admission concours dans la rubrique&nbsp;<\/strong><a href=\"http:\/\/www.snepfsu.net\/concours\/index.php\" target=\"_blank\" rel=\"noreferrer noopener\"><strong>Concours\/R\u00e9sultats<\/strong><\/a><\/h6>\n\n\n\n<p>Le SNEP-FSU si\u00e8ge \u00e0 la commission nationale de ventilation acad\u00e9mique des stagiaires (d\u00e9but juillet) : r\u00e9sultats par le SNEP-FSU au 01 44 62 82 19\/33 et par courrier \u00e0 tous ceux dont nous avons les coordonn\u00e9es.<\/p>\n\n\n\n<p>Les responsables acad\u00e9miques SNEP participent en commission acad\u00e9mique \u00e0 l\u2019affectation des stagiaires sur poste pr\u00e9cis (juillet \u2013 ao\u00fbt).<\/p>\n\n\n\n<p>R\u00e9sultats au SNEP Martinique : 07 67 20 72 33 (Julien CARANTE) ou\u00a0<a href=\"mailto:s3-martinique@snepfsu.net\">s3-martinique@snepfsu.net<\/a><\/p>\n\n\n\n<p>Renvoyer votre fiche de v\u0153ux acad\u00e9miques avec copie de votre demande et pi\u00e8ces justificatives \u00e0 SNEP MARTINIQUE.<\/p>\n\n\n\n<p>Responsable SNEP-FSU Martinique stagiaires :\u00a0Didier COUCOULIS au 07 81 91 97 16<\/p>\n","protected":false},"excerpt":{"rendered":"<p>R\u00e9sultats Admission concours dans la rubrique&nbsp;Concours\/R\u00e9sultats Le SNEP-FSU si\u00e8ge \u00e0 la commission nationale de ventilation acad\u00e9mique des stagiaires (d\u00e9but juillet)<\/p>\n","protected":false},"author":1,"featured_media":0,"parent":0,"menu_order":0,"comment_status":"closed","ping_status":"closed","template":"","meta":{"_bbp_topic_count":0,"_bbp_reply_count":0,"_bbp_total_topic_count":0,"_bbp_total_reply_count":0,"_bbp_voice_count":0,"_bbp_anonymous_reply_count":0,"_bbp_topic_count_hidden":0,"_bbp_reply_count_hidden":0,"_bbp_forum_subforum_count":0},"_links":{"self":[{"href":"https:\/\/www.snepfsu-martinique.net\/index.php\/wp-json\/wp\/v2\/pages\/433"}],"collection":[{"href":"https:\/\/www.snepfsu-martinique.net\/index.php\/wp-json\/wp\/v2\/pages"}],"about":[{"href":"https:\/\/www.snepfsu-martinique.net\/index.php\/wp-json\/wp\/v2\/types\/page"}],"author":[{"embeddable":true,"href":"https:\/\/www.snepfsu-martinique.net\/index.php\/wp-json\/wp\/v2\/users\/1"}],"replies":[{"embeddable":true,"href":"https:\/\/www.snepfsu-martinique.net\/index.php\/wp-json\/wp\/v2\/comments?post=433"}],"version-history":[{"count":4,"href":"https:\/\/www.snepfsu-martinique.net\/index.php\/wp-json\/wp\/v2\/pages\/433\/revisions"}],"predecessor-version":[{"id":564,"href":"https:\/\/www.snepfsu-martinique.net\/index.php\/wp-json\/wp\/v2\/pages\/433\/revisions\/564"}],"wp:attachment":[{"href":"https:\/\/www.snepfsu-martinique.net\/index.php\/wp-json\/wp\/v2\/media?parent=433"}],"curies":[{"name":"wp","href":"https:\/\/api.w.org\/{rel}","templated":true}]}}