{"id":432,"date":"2020-12-16T19:43:37","date_gmt":"2020-12-16T18:43:37","guid":{"rendered":"http:\/\/www.snepfsu-martinique.net\/?page_id=432"},"modified":"2022-02-12T13:01:10","modified_gmt":"2022-02-12T12:01:10","slug":"affectation-2","status":"publish","type":"page","link":"https:\/\/www.snepfsu-martinique.net\/index.php\/affectation-2\/","title":{"rendered":"Affectation stagiaire"},"content":{"rendered":"\n<p>Cette affectation en qualit\u00e9 de fonctionnaire stagiaire, premi\u00e8re \u00e9tape de la prise de fonction, est un moment d\u00e9terminant du parcours professionnel des personnels enseignants, d\u2019\u00e9ducation et d\u2019orientation du second degr\u00e9.<\/p>\n\n\n\n<p>Elle comprend deux phases successives :<br><strong>La premi\u00e8re, conduite au niveau minist\u00e9riel (DGRH), est interacad\u00e9mique<\/strong>&nbsp;et consiste \u00e0 d\u00e9signer les int\u00e9ress\u00e9s dans une acad\u00e9mie.<\/p>\n\n\n\n<p><strong>La seconde phase, intra-acad\u00e9mique,<\/strong>&nbsp;qui consiste \u00e0 affecter les fonctionnaires stagiaires sur un poste, est de la comp\u00e9tence des recteurs \u00e0 qui il reviendra d\u2019en pr\u00e9ciser les modalit\u00e9s dans une note de service rectorale.<\/p>\n\n\n\n<p>Participent obligatoirement aux op\u00e9rations d\u2019affectation des laur\u00e9ats des concours du second degr\u00e9 et de psyEN, les candidats de l\u2019enseignement public de la session 2019 (Agr\u00e9gation, Capeps) re\u00e7us aux \u00e9preuves d\u2019admissibilit\u00e9 et qui participeront aux \u00e9preuves d\u2019admission en 2019, ainsi que les candidats laur\u00e9ats d\u2019une session ant\u00e9rieure plac\u00e9s en report de stage.<\/p>\n\n\n\n<p><strong>La saisie des v\u0153ux d\u2019affectation s\u2019effectue du 6 mai au 7 juin 2019<\/strong>&nbsp;<strong>\u00e0 midi heure de Paris<\/strong>&nbsp;sur le site Sial accessible \u00e0 l\u2019adresse&nbsp;:&nbsp;<strong><em><a href=\"http:\/\/www.education.gouv.fr\/cid55752\/sial-systeme-d-information-et-d-aide-aux-laureats.html\">http:\/\/www.education.gouv.fr\/cid55752\/sial-systeme-d-information-et-d-aide-aux-laureats.html<\/a><\/em><\/strong>,&nbsp;<strong>au nombre de six maximum<\/strong>, en classant les acad\u00e9mies souhait\u00e9es par ordre de pr\u00e9f\u00e9rence d\u00e9croissante.<br><strong>En cas d\u2019absence de saisie de v\u0153ux par le laur\u00e9at, l\u2019acad\u00e9mie d\u2019inscription au concours sera consid\u00e9r\u00e9e comme premier v\u0153u du laur\u00e9at \u00e0 partir duquel il sera alors affect\u00e9 en fonction de son bar\u00e8me et des n\u00e9cessit\u00e9s de service. Aucun recours ne sera alors possible.<\/strong><\/p>\n\n\n\n<p><strong>Affectation en qualit\u00e9 de fonctionnaire stagiaire des laur\u00e9ats des concours et des examens professionnalis\u00e9s du second degr\u00e9 \u2013 rentr\u00e9e 2019<\/strong><br><a href=\"https:\/\/www.education.gouv.fr\/pid285\/bulletin_officiel.html?cid_bo=141354\" target=\"_blank\" rel=\"noreferrer noopener\"><em><strong>NS n\u00b0 2019-064 du 25-4-2019 au BO n\u00b0 18 du 02 mai 2019<\/strong><\/em><\/a><\/p>\n\n\n\n<p><strong>Modalit\u00e9s d\u2019organisation de l\u2019ann\u00e9e de stage \u2013 ann\u00e9e scolaire 2015-2016<\/strong><br><a href=\"http:\/\/www.education.gouv.fr\/pid25535\/bulletin_officiel.html?cid_bo=90910\" target=\"_blank\" rel=\"noreferrer noopener\"><strong><em>C. n\u00b0 2015-104 du 30-6-2015 au BO n\u00b027 du 02 juillet 2015<\/em><\/strong><\/a><\/p>\n\n\n\n<p><strong>Au sommaire :<\/strong><\/p>\n\n\n\n<ul><li><a href=\"http:\/\/www.snepfsu.net\/stagiaire\/iufm\/laureat.php\" target=\"_blank\" rel=\"noreferrer noopener\"><strong>Modalit\u00e9s d\u2019inscription<\/strong><\/a><\/li><li><strong><a href=\"http:\/\/www.snepfsu.net\/stagiaire\/iufm\/laureat.php\" target=\"_blank\" rel=\"noreferrer noopener\">Laur\u00e9ats de plusieurs concours<\/a><\/strong><\/li><li><strong><a href=\"http:\/\/www.snepfsu.net\/stagiaire\/iufm\/choix.php\" target=\"_blank\" rel=\"noreferrer noopener\">Choix des options<\/a><\/strong><\/li><li><strong><a href=\"http:\/\/www.snepfsu.net\/stagiaire\/iufm\/bareme.php\" target=\"_blank\" rel=\"noreferrer noopener\">Bar\u00e8me pour l\u2019affectation&nbsp;<\/a><\/strong><\/li><li><strong><a href=\"http:\/\/www.snepfsu.net\/stagiaire\/iufm\/constitudoss.php\" target=\"_blank\" rel=\"noreferrer noopener\">Constitution du dossier<\/a><\/strong><\/li><li><strong><a href=\"http:\/\/www.snepfsu.net\/stagiaire\/iufm\/affectiufm.php\" target=\"_blank\" rel=\"noreferrer noopener\">Affectation des stagiaires<\/a><\/strong><\/li><\/ul>\n","protected":false},"excerpt":{"rendered":"<p>Cette affectation en qualit\u00e9 de fonctionnaire stagiaire, premi\u00e8re \u00e9tape de la prise de fonction, est un moment d\u00e9terminant du parcours<\/p>\n","protected":false},"author":1,"featured_media":0,"parent":0,"menu_order":0,"comment_status":"closed","ping_status":"closed","template":"","meta":{"_bbp_topic_count":0,"_bbp_reply_count":0,"_bbp_total_topic_count":0,"_bbp_total_reply_count":0,"_bbp_voice_count":0,"_bbp_anonymous_reply_count":0,"_bbp_topic_count_hidden":0,"_bbp_reply_count_hidden":0,"_bbp_forum_subforum_count":0},"_links":{"self":[{"href":"https:\/\/www.snepfsu-martinique.net\/index.php\/wp-json\/wp\/v2\/pages\/432"}],"collection":[{"href":"https:\/\/www.snepfsu-martinique.net\/index.php\/wp-json\/wp\/v2\/pages"}],"about":[{"href":"https:\/\/www.snepfsu-martinique.net\/index.php\/wp-json\/wp\/v2\/types\/page"}],"author":[{"embeddable":true,"href":"https:\/\/www.snepfsu-martinique.net\/index.php\/wp-json\/wp\/v2\/users\/1"}],"replies":[{"embeddable":true,"href":"https:\/\/www.snepfsu-martinique.net\/index.php\/wp-json\/wp\/v2\/comments?post=432"}],"version-history":[{"count":3,"href":"https:\/\/www.snepfsu-martinique.net\/index.php\/wp-json\/wp\/v2\/pages\/432\/revisions"}],"predecessor-version":[{"id":1387,"href":"https:\/\/www.snepfsu-martinique.net\/index.php\/wp-json\/wp\/v2\/pages\/432\/revisions\/1387"}],"wp:attachment":[{"href":"https:\/\/www.snepfsu-martinique.net\/index.php\/wp-json\/wp\/v2\/media?parent=432"}],"curies":[{"name":"wp","href":"https:\/\/api.w.org\/{rel}","templated":true}]}}