{"id":417,"date":"2020-12-16T19:36:18","date_gmt":"2020-12-16T18:36:18","guid":{"rendered":"http:\/\/www.snepfsu-martinique.net\/?page_id=417"},"modified":"2021-01-21T00:27:11","modified_gmt":"2021-01-20T23:27:11","slug":"indemnites","status":"publish","type":"page","link":"https:\/\/www.snepfsu-martinique.net\/index.php\/indemnites\/","title":{"rendered":"Indemnit\u00e9s"},"content":{"rendered":"\n<p>Refusant de r\u00e9pondre \u00e0 la demande d\u2019une r\u00e9elle revalorisation salariale de l\u2019ensemble des fonctionnaires, le gouvernement d\u00e9veloppe un syst\u00e8me d\u2019indemnit\u00e9s de nature tr\u00e8s variable selon les minist\u00e8res : temporaires comme la GIPA, p\u00e9dagogiques comme l\u2019ISO, d\u2019autres li\u00e9es \u00e0 certaines fonctions particuli\u00e8res (TZR, CPD), \u00e0 la localisation des \u00e9tablissements (REP+, REP, ZEP, \u00e9tablissements sensibles) ou g\u00e9ographique (DOM, TOM) et \u00e0 la mani\u00e8re de servir.<\/p>\n\n\n\n<p>Pour conna\u00eetre les taux, les modalit\u00e9s et conditions de versement des primes et indemnit\u00e9s, consulter\u00a0<a rel=\"noreferrer noopener\" href=\"http:\/\/www.snepfsu.net\/prive\/index.php\" target=\"_blank\">le SNEP ATOUT<\/a>\u00a0(espace adh\u00e9rents).<\/p>\n\n\n\n<figure class=\"wp-block-image size-large is-resized\"><a href=\"http:\/\/www.snepfsu.net\/prive\/index.php\"><img decoding=\"async\" loading=\"lazy\" src=\"http:\/\/www.snepfsu-martinique.net\/wp-content\/uploads\/2021\/01\/Capture-decran-2021-01-20-a-19.22.47.png\" alt=\"\" class=\"wp-image-555\" width=\"116\" height=\"164\"\/><\/a><\/figure>\n","protected":false},"excerpt":{"rendered":"<p>Refusant de r\u00e9pondre \u00e0 la demande d\u2019une r\u00e9elle revalorisation salariale de l\u2019ensemble des fonctionnaires, le gouvernement d\u00e9veloppe un syst\u00e8me d\u2019indemnit\u00e9s<\/p>\n","protected":false},"author":1,"featured_media":0,"parent":0,"menu_order":0,"comment_status":"closed","ping_status":"closed","template":"","meta":{"_bbp_topic_count":0,"_bbp_reply_count":0,"_bbp_total_topic_count":0,"_bbp_total_reply_count":0,"_bbp_voice_count":0,"_bbp_anonymous_reply_count":0,"_bbp_topic_count_hidden":0,"_bbp_reply_count_hidden":0,"_bbp_forum_subforum_count":0},"_links":{"self":[{"href":"https:\/\/www.snepfsu-martinique.net\/index.php\/wp-json\/wp\/v2\/pages\/417"}],"collection":[{"href":"https:\/\/www.snepfsu-martinique.net\/index.php\/wp-json\/wp\/v2\/pages"}],"about":[{"href":"https:\/\/www.snepfsu-martinique.net\/index.php\/wp-json\/wp\/v2\/types\/page"}],"author":[{"embeddable":true,"href":"https:\/\/www.snepfsu-martinique.net\/index.php\/wp-json\/wp\/v2\/users\/1"}],"replies":[{"embeddable":true,"href":"https:\/\/www.snepfsu-martinique.net\/index.php\/wp-json\/wp\/v2\/comments?post=417"}],"version-history":[{"count":2,"href":"https:\/\/www.snepfsu-martinique.net\/index.php\/wp-json\/wp\/v2\/pages\/417\/revisions"}],"predecessor-version":[{"id":556,"href":"https:\/\/www.snepfsu-martinique.net\/index.php\/wp-json\/wp\/v2\/pages\/417\/revisions\/556"}],"wp:attachment":[{"href":"https:\/\/www.snepfsu-martinique.net\/index.php\/wp-json\/wp\/v2\/media?parent=417"}],"curies":[{"name":"wp","href":"https:\/\/api.w.org\/{rel}","templated":true}]}}