{"id":373,"date":"2020-12-16T19:26:45","date_gmt":"2020-12-16T18:26:45","guid":{"rendered":"http:\/\/www.snepfsu-martinique.net\/?page_id=373"},"modified":"2022-02-12T13:03:37","modified_gmt":"2022-02-12T12:03:37","slug":"acces-au-corps-des-profs-eps","status":"publish","type":"page","link":"https:\/\/www.snepfsu-martinique.net\/index.php\/acces-au-corps-des-profs-eps\/","title":{"rendered":"Acc\u00e8s au corps des profs EPS"},"content":{"rendered":"\n<h2>Acc\u00e8s au corps des professeurs d\u2019EPS (d\u00e9cret n\u00b0 80-627 du 4 ao\u00fbt 1980 modifi\u00e9)<\/h2>\n\n\n\n<p>Le Ministre d\u00e9cide unilat\u00e9ralement la suppression de la liste d\u2019aptitude (d\u00e9cret 1980) pour l\u2019acc\u00e8s au corps des professeurs d\u2019\u00e9ducation physique et sportive.<br>Le 10\/10\/19<br><br>Par le<a href=\"https:\/\/www.legifrance.gouv.fr\/eli\/decret\/2019\/10\/10\/2019-1043\/jo\/texte\" target=\"_blank\" rel=\"noreferrer noopener\">&nbsp;d\u00e9cret n\u00b0 2019-1043 du 10 octobre 2019,&nbsp;<\/a>les dispositions relatives \u00e0 l\u2019acc\u00e8s au corps des professeurs d\u2019\u00e9ducation physique et sportive par la voie de la liste d\u2019aptitude (d\u00e9cret 1980) sont supprim\u00e9es \u00e0 compter du 1er janvier 2020.<\/p>\n\n\n\n<h2>Int\u00e9gration des AE et des CE d\u2019EPS dans le corps des professeurs d\u2019EPS (d\u00e9cret n\u00b0 89-729 du 11 octobre 1989)<\/h2>\n\n\n\n<p><strong>Attention :<\/strong><br><strong>le d\u00e9cret 89 est quasiment sans int\u00e9r\u00eat (reclassement \u00e0 indice \u00e9gal ou imm\u00e9diatement sup\u00e9rieur).<\/strong><br><strong>Le d\u00e9cret 80 qui est supprim\u00e9, garantissait un reclassement avec reconstitution de carri\u00e8re bien plus favorable<\/strong>.&nbsp;<\/p>\n\n\n\n<p><strong>Ann\u00e9e 2021<\/strong><\/p>\n\n\n\n<p><a href=\"https:\/\/lesite.snepfsu.fr\/wp-content\/uploads\/2021\/09\/Fiche_LDG_Integration_PEPS_LA_BOSpe9_05nov2020.pdf\" target=\"_blank\" rel=\"noreferrer noopener\">Acc\u00e8s au corps des professeurs d\u2019EPS par liste d\u2019aptitude<\/a>&nbsp;paru au BO Sp\u00e9cial 9 du 05 novembre 2020<\/p>\n\n\n\n<p><a href=\"https:\/\/www.education.gouv.fr\/bo\/20\/Hebdo47\/MENH2031351N.htm\" target=\"_blank\" rel=\"noreferrer noopener\">Calendrier et modalit\u00e9s de constitution des dossiers pour les campagnes 2021 d\u2019avancement de grade et de corps<\/a>&nbsp;parus BO N\u00b0 47 du 09 d\u00e9cembre 2020 \u2013 NS du 24-11-2020<\/p>\n\n\n\n<p>L\u2019acc\u00e8s est conditionn\u00e9 par un acte de candidature.<br>L\u2019acc\u00e8s au corps des PEPS du second degr\u00e9 par liste d\u2019aptitude est r\u00e9serv\u00e9 aux AE exer\u00e7ant en EPS et les CE d\u2019EPS.<br>Ces derniers doivent \u00eatre titulaires de la licence en STAPS ou de l\u2019examen probatoire du CAPEPS ou P2B.<br>Les enseignants inscrits sur la liste d\u2019aptitude en vue d\u2019une int\u00e9gration sont nomm\u00e9s en qualit\u00e9 de stagiaires.<\/p>\n\n\n\n<p>La liste d\u2019aptitude est arr\u00eat\u00e9e par le ministre, sur proposition des recteurs.<\/p>\n\n\n\n<p><strong>1. Conditions de service<\/strong><br>Les candidats doivent justifier<strong>&nbsp;de cinq ans de services effectifs au 1er octobre 2021<\/strong>(dont les services militaires, les services d\u2019auxiliaire ou de contractuel en France ou \u00e0 l\u2019\u00e9tranger) au 1er octobre de l\u2019ann\u00e9e de l\u2019\u00e9tablissement du tableau d\u2019avancement. Les ann\u00e9es de service effectu\u00e9es \u00e0 temps partiel sont d\u00e9compt\u00e9es comme ann\u00e9es de service \u00e0 temps plein.<\/p>\n\n\n\n<p><strong>2. Conditions d\u2019\u00e2ge<\/strong><br>Il n\u2019est pas fix\u00e9 de condition d\u2019\u00e2ge minimal pour ces diff\u00e9rentes promotions.<\/p>\n\n\n\n<p><strong>3. Le calendrier&nbsp;<\/strong><br>Les candidatures seront d\u00e9pos\u00e9es sur&nbsp;<a href=\"http:\/\/www.education.gouv.fr\/pid61\/siap-systeme-information-aide-pour-les-promotions.html\" target=\"_blank\" rel=\"noreferrer noopener\">Siap<\/a>&nbsp;du&nbsp;<strong>1er au 21 f\u00e9vrier 2021.<\/strong><br>Les dossiers (accus\u00e9s de r\u00e9ception et pi\u00e8ces justificatives) devront \u00eatre transmis par les candidats aux services comp\u00e9tents pour le&nbsp;<strong>1er mars 2021 au plus tard.<\/strong><\/p>\n\n\n\n<p><strong>4. Crit\u00e8res de classement (Bar\u00e8me)<br>10 points&nbsp;<\/strong>\/ \u00e9chelon atteint au 31 ao\u00fbt 2021<br>Les agents ayant candidat\u00e9 sont tous propos\u00e9s par ordre de bar\u00e8me d\u00e9croissant sauf ceux ayant eu un avis d\u00e9favorable motiv\u00e9 du recteur.<\/p>\n\n\n\n<p><strong>Il n\u2019y aura malheureusement plus de CAPN.<br>L\u2019administration sera donc seule pour d\u00e9cider les nominations dans le corps des PEPS.<\/strong><\/p>\n\n\n\n<h2><strong>Modalit\u00e9s de d\u00e9roulement du stage et de titularisation<\/strong><\/h2>\n\n\n\n<p>Les enseignants inscrits sur la liste d\u2019aptitude en vue d\u2019une int\u00e9gration font l\u2019objet d\u2019une nomination en qualit\u00e9 de stagiaires et sont plac\u00e9s en position de d\u00e9tachement dans le corps d\u2019accueil pour la dur\u00e9e du stage.<\/p>\n\n\n\n<p>Ils sont affect\u00e9s \u00e0 titre provisoire aupr\u00e8s du recteur ayant propos\u00e9 leur inscription sur la liste d\u2019aptitude, pour la dur\u00e9e du stage.<\/p>\n\n\n\n<p>Les enseignants inscrits sur la liste d\u2019aptitude qui auraient particip\u00e9 au mouvement et obtenu une affectation dans leur corps d\u2019origine sont nomm\u00e9s stagiaires et affect\u00e9s aupr\u00e8s du recteur de l\u2019acad\u00e9mie obtenue.<\/p>\n\n\n\n<p>Les enseignants inscrits sur la liste d\u2019aptitude, d\u00e9tach\u00e9s dans un \u00e9tablissement relevant du minist\u00e8re de l\u2019agriculture, du minist\u00e8re de la d\u00e9fense, du minist\u00e8re de la justice ou du r\u00e9seau de l\u2019AEFE (\u00e9tablissement en gestion directe ou conventionn\u00e9 par l\u2019agence uniquement) sont autoris\u00e9s \u00e0 effectuer leur stage dans le m\u00eame \u00e9tablissement s\u2019ils peuvent y obtenir un service correspondant \u00e0 leur nouveau corps.<\/p>\n\n\n\n<p>La dur\u00e9e du stage probatoire est d\u2019une ann\u00e9e scolaire, renouvelable une fois. Le stage doit \u00eatre effectu\u00e9 dans la discipline au titre de laquelle le candidat a \u00e9t\u00e9 retenu. Les stagiaires sont affect\u00e9s par vos soins dans un \u00e9tablissement du second degr\u00e9 o\u00f9 leurs comp\u00e9tences p\u00e9dagogiques pourront \u00eatre appr\u00e9ci\u00e9es, sur un poste leur permettant d\u2019accomplir leur stage dans les meilleures conditions.<\/p>\n\n\n\n<p>Les stagiaires autoris\u00e9s \u00e0 accomplir leur stage \u00e0 temps partiel voient la dur\u00e9e de ce stage augment\u00e9e d\u2019une p\u00e9riode \u00e9quivalente \u00e0 la diff\u00e9rence entre la dur\u00e9e hebdomadaire du service effectu\u00e9 et la dur\u00e9e des obligations hebdomadaires fix\u00e9es pour les enseignants exer\u00e7ant \u00e0 temps plein.<\/p>\n\n\n\n<p>Cette obligation r\u00e9glementaire implique que les candidats susceptibles d\u2019\u00eatre admis \u00e0 la retraite doivent s\u2019assurer d\u2019\u00eatre en mesure d\u2019accomplir l\u2019int\u00e9gralit\u00e9 de la dur\u00e9e de stage pour acc\u00e9der au corps concern\u00e9.<\/p>\n\n\n\n<p>En cons\u00e9quence, ces informations devront \u00eatre port\u00e9es \u00e0 la connaissance des fonctionnaires qui feraient acte de candidature et ne pourraient demeurer en activit\u00e9 durant 18 mois au moins \u00e0 compter de la prise d\u2019effet des nominations en qualit\u00e9 de stagiaire, l\u2019exercice d\u2019au moins six mois de fonctions en qualit\u00e9 de professeur titulaire \u00e9tant n\u00e9cessaire pour que les int\u00e9ress\u00e9s puissent b\u00e9n\u00e9ficier d\u2019une pension de retraite calcul\u00e9e sur la base de leur r\u00e9mun\u00e9ration dans ces corps.<\/p>\n\n\n\n<h2>Les aspects techniques<\/h2>\n\n\n\n<ul><li>&nbsp;&nbsp;<strong>&nbsp; O\u00f9 ?<\/strong><\/li><\/ul>\n\n\n\n<p>&nbsp;&nbsp;&nbsp; Les candidatures \u00e0 l\u2019acc\u00e8s au corps des Professeurs d\u2019EPS sont examin\u00e9es par le recteur (minist\u00e8re pour la 29\u00e8 base). Puis les listes acad\u00e9miques sont reconcentr\u00e9es pour constituer une seule liste nationale.<\/p>\n\n\n\n<ul><li>&nbsp;&nbsp;&nbsp;&nbsp;<strong>Combien ?<\/strong><\/li><\/ul>\n\n\n\n<p>&nbsp;&nbsp;&nbsp; Le nombre annuel des possibilit\u00e9s de nomination est d\u00e9termin\u00e9 en fonction du nombre de titularisations par concours prononc\u00e9es dans la discipline de recrutement : une nomination par liste d\u2019aptitude pour 9 titularisations (ou 1\/9).<\/p>\n\n\n\n<p>&nbsp;&nbsp;&nbsp; Exemple = avec 750 titularis\u00e9s suite au concours 2019; 1\/9\u00e8me de 750 titularis\u00e9s = 83.33. Donc : 83 nominations possibles.<\/p>\n\n\n\n<ul><li><strong>&nbsp;&nbsp;&nbsp; Comment ?<\/strong><\/li><\/ul>\n\n\n\n<p>&nbsp;&nbsp;&nbsp; Apr\u00e8s avoir recueilli l\u2019avis de la CAPA, le recteur arr\u00eate la liste d\u2019aptitude dans laquelle les candidats sont class\u00e9s suivant un bar\u00e8me. Apr\u00e8s avoir recueilli l\u2019avis de la CAPN, le ministre prononce les promotions, en fonction du contingent national, dans l\u2019ordre d\u2019inscription \u00e0 la liste d\u2019aptitude nationale dans laquelle les candidats sont class\u00e9s suivant un bar\u00e8me .<\/p>\n\n\n\n<h2>Bilan ann\u00e9e 2019<\/h2>\n\n\n\n<p>La CAPN d\u2019acc\u00e8s au corps des professeurs d\u2019EPS s\u2019est tenue le 5 juin 2019.<br><br><strong>Bilan promotions :<\/strong><br>20 enseignants ont int\u00e9gr\u00e9 le corps des professeurs d\u2019EPS.<\/p>\n","protected":false},"excerpt":{"rendered":"<p>Acc\u00e8s au corps des professeurs d\u2019EPS (d\u00e9cret n\u00b0 80-627 du 4 ao\u00fbt 1980 modifi\u00e9) Le Ministre d\u00e9cide unilat\u00e9ralement la suppression<\/p>\n","protected":false},"author":1,"featured_media":0,"parent":0,"menu_order":0,"comment_status":"closed","ping_status":"closed","template":"","meta":{"_bbp_topic_count":0,"_bbp_reply_count":0,"_bbp_total_topic_count":0,"_bbp_total_reply_count":0,"_bbp_voice_count":0,"_bbp_anonymous_reply_count":0,"_bbp_topic_count_hidden":0,"_bbp_reply_count_hidden":0,"_bbp_forum_subforum_count":0},"_links":{"self":[{"href":"https:\/\/www.snepfsu-martinique.net\/index.php\/wp-json\/wp\/v2\/pages\/373"}],"collection":[{"href":"https:\/\/www.snepfsu-martinique.net\/index.php\/wp-json\/wp\/v2\/pages"}],"about":[{"href":"https:\/\/www.snepfsu-martinique.net\/index.php\/wp-json\/wp\/v2\/types\/page"}],"author":[{"embeddable":true,"href":"https:\/\/www.snepfsu-martinique.net\/index.php\/wp-json\/wp\/v2\/users\/1"}],"replies":[{"embeddable":true,"href":"https:\/\/www.snepfsu-martinique.net\/index.php\/wp-json\/wp\/v2\/comments?post=373"}],"version-history":[{"count":3,"href":"https:\/\/www.snepfsu-martinique.net\/index.php\/wp-json\/wp\/v2\/pages\/373\/revisions"}],"predecessor-version":[{"id":1388,"href":"https:\/\/www.snepfsu-martinique.net\/index.php\/wp-json\/wp\/v2\/pages\/373\/revisions\/1388"}],"wp:attachment":[{"href":"https:\/\/www.snepfsu-martinique.net\/index.php\/wp-json\/wp\/v2\/media?parent=373"}],"curies":[{"name":"wp","href":"https:\/\/api.w.org\/{rel}","templated":true}]}}