{"id":372,"date":"2020-12-16T19:26:45","date_gmt":"2020-12-16T18:26:45","guid":{"rendered":"http:\/\/www.snepfsu-martinique.net\/?page_id=372"},"modified":"2022-02-12T13:25:57","modified_gmt":"2022-02-12T12:25:57","slug":"note-administrative","status":"publish","type":"page","link":"https:\/\/www.snepfsu-martinique.net\/index.php\/note-administrative\/","title":{"rendered":"Notation des CE EPS"},"content":{"rendered":"\n<h2>R<strong>endez-vous de carri\u00e8re<\/strong><\/h2>\n\n\n\n<p>Avec la mise en place du PPCR au 1er septembre 2017, il n\u2019y a plus de notation administrative et p\u00e9dagogique.<\/p>\n\n\n\n<p>C\u2019est une nouveaut\u00e9 du protocole PPCR, 3 rendez-vous de carri\u00e8re sont mis en place \u00e0 3 moments fixes : au 6\u00e8me, au 8\u00e8me et au 9\u00e8me \u00e9chelon de la classe normale.<br>Ces rendez-vous de carri\u00e8re donnent lieu \u00e0 l\u2019\u00e9laboration d\u2019un compte rendu. Il y a diff\u00e9rents mod\u00e8les de compte rendu pr\u00e9vus r\u00e9glementairement pour tenir compte des diff\u00e9rentes situations professionnelles (2nd degr\u00e9, sup\u00e9rieur, DD et DR UNSS\u2026).<\/p>\n\n\n\n<p>Pour tout savoir sur le&nbsp;<a href=\"https:\/\/lesite.snepfsu.fr\/wp-content\/uploads\/2021\/09\/rdv_carriere.pdf\" target=\"_blank\" rel=\"noreferrer noopener\">rendez-vous de carri\u00e8re<\/a><\/p>\n\n\n\n<p>Le corps des CE d\u2019EPS ne comptant plus d\u2019enseignants \u00e0 la classe normale, ceux-ci n\u2019ont plus de rapport avec les rendez-vous de carri\u00e8re mais peuvent \u00eatre concern\u00e9s par un accompagnement professionnel collectif ou individuel&nbsp;tout au long de la carri\u00e8re.<\/p>\n","protected":false},"excerpt":{"rendered":"<p>Rendez-vous de carri\u00e8re Avec la mise en place du PPCR au 1er septembre 2017, il n\u2019y a plus de notation<\/p>\n","protected":false},"author":1,"featured_media":0,"parent":0,"menu_order":0,"comment_status":"closed","ping_status":"closed","template":"","meta":{"_bbp_topic_count":0,"_bbp_reply_count":0,"_bbp_total_topic_count":0,"_bbp_total_reply_count":0,"_bbp_voice_count":0,"_bbp_anonymous_reply_count":0,"_bbp_topic_count_hidden":0,"_bbp_reply_count_hidden":0,"_bbp_forum_subforum_count":0},"_links":{"self":[{"href":"https:\/\/www.snepfsu-martinique.net\/index.php\/wp-json\/wp\/v2\/pages\/372"}],"collection":[{"href":"https:\/\/www.snepfsu-martinique.net\/index.php\/wp-json\/wp\/v2\/pages"}],"about":[{"href":"https:\/\/www.snepfsu-martinique.net\/index.php\/wp-json\/wp\/v2\/types\/page"}],"author":[{"embeddable":true,"href":"https:\/\/www.snepfsu-martinique.net\/index.php\/wp-json\/wp\/v2\/users\/1"}],"replies":[{"embeddable":true,"href":"https:\/\/www.snepfsu-martinique.net\/index.php\/wp-json\/wp\/v2\/comments?post=372"}],"version-history":[{"count":2,"href":"https:\/\/www.snepfsu-martinique.net\/index.php\/wp-json\/wp\/v2\/pages\/372\/revisions"}],"predecessor-version":[{"id":1389,"href":"https:\/\/www.snepfsu-martinique.net\/index.php\/wp-json\/wp\/v2\/pages\/372\/revisions\/1389"}],"wp:attachment":[{"href":"https:\/\/www.snepfsu-martinique.net\/index.php\/wp-json\/wp\/v2\/media?parent=372"}],"curies":[{"name":"wp","href":"https:\/\/api.w.org\/{rel}","templated":true}]}}