{"id":348,"date":"2020-12-16T19:12:35","date_gmt":"2020-12-16T18:12:35","guid":{"rendered":"http:\/\/www.snepfsu-martinique.net\/?page_id=348"},"modified":"2025-02-07T15:31:57","modified_gmt":"2025-02-07T14:31:57","slug":"infos-diverses","status":"publish","type":"page","link":"https:\/\/www.snepfsu-martinique.net\/index.php\/infos-diverses\/","title":{"rendered":"Infos diverses"},"content":{"rendered":"\n<p><strong>A l\u2019attention de tous les enseignants d\u2019EPS<\/strong> et COORDONNATEURS <\/p>\n\n\n\n<figure class=\"wp-block-table\"><table><tbody><tr><td><br><em>Si tu assures en 2024\/2025 la coordination des APSA ou si tu as assur\u00e9 cette mission* au cours de l\u2019une ou de plusieurs des ann\u00e9es scolaires 2020\/2021, 2021\/2022, 2022\/2023 et 2023\/2024 ce courrier t\u2019int\u00e9resse particuli\u00e8rement. <\/em><strong><em>Prends le temps de le lire pour ne pas avoir, ensuite, \u00e0 regretter une n\u00e9gligence&nbsp;!<\/em><\/strong><br><\/td><\/tr><\/tbody><\/table><\/figure>\n\n\n\n<p>Cher.e coll\u00e8gue,<\/p>\n\n\n\n<p>Tu en as peut-\u00eatre entendu parler (ou pas&nbsp;!) mais si tu es ou as \u00e9t\u00e9 \u00ab&nbsp;coordo EPS&nbsp;\u00bb ces derni\u00e8res ann\u00e9es, <strong>tu ne dois pas ignorer ceci<\/strong>&nbsp;: apr\u00e8s plus de 8 ann\u00e9es de batailles syndicales et juridiques, le SNEP-FSU a obtenu une victoire importante concernant le mode de calcul du seuil ouvrant le droit au b\u00e9n\u00e9fice &#8211; au titre de la mission de coordination des APSA \u2013 d\u2019une IMP au taux annuel de 2500 \u20ac.<\/p>\n\n\n\n<p>La Cour Administrative d\u2019Appel de Bordeaux, agissant \u00e0 la demande du Conseil d\u2019Etat, a donn\u00e9 raison au SNEP-FSU&nbsp;: les heures suppl\u00e9mentaires doivent \u00eatre prises en compte pour d\u00e9terminer ce seuil. Le DGRH du MEN a confirm\u00e9 au SNEP-FSU qu\u2019il reconnaissait cette d\u00e9cision.<\/p>\n\n\n\n<p>D\u00e8s l\u2019instant o\u00f9 les conditions sont remplies dans l\u2019\u00e9tablissement o\u00f9 tu assures ou tu as assur\u00e9 la coordination des APSA (cf encadr\u00e9 ci-dessus) pour obtenir le versement d\u2019une IMP au taux annuel de 2500 \u20ac au titre de la coordination des APSA, nous te proposons de t\u2019aider \u00e0 faire valoir tes droits.<\/p>\n\n\n\n<p>D\u2019ores et d\u00e9j\u00e0 pr\u00e8s d\u2019une centaine de coll\u00e8gues se sont adress\u00e9 au SNEP-FSU pour faire valoir ce conquis syndical.<\/p>\n\n\n\n<p>Le secr\u00e9tariat national ainsi que les responsables acad\u00e9miques du syndicat sont intervenus aupr\u00e8s du Minist\u00e8re et aupr\u00e8s des rectorats pour que soient pris en compte la d\u00e9cision de la CAA de Bordeaux. Il s\u2019av\u00e8re qu\u2019\u00e0 ce jour, la plupart des acad\u00e9mies persiste \u00e0 l\u2019ignorer. Dans quelques cas, l\u2019accord ne vaut que pour l\u2019ann\u00e9e 2024\/2025.<\/p>\n\n\n\n<p>La r\u00e9alisation des recours individuels \u2013 en l\u2019esp\u00e8ce, seuls susceptibles de faire valoir un droit devant la justice administrative &#8211; impose que soient adress\u00e9s au secteur Action juridique du SNEP-FSU (<a href=\"mailto:juridique@snepfs.net\" target=\"_blank\" rel=\"noreferrer noopener\">juridique@snepfs.net<\/a>) les informations et documents suivants <strong>pour chaque ann\u00e9e scolaire concern\u00e9e par la requ\u00eate&nbsp;:<\/strong><\/p>\n\n\n\n<ul>\n<li>Les \u00e9tats des services d\u2019enseignement (\u00ab&nbsp;\u00e9tats VS&nbsp;\u00bb) de chaque enseignant d\u2019EPS en fonction dans l\u2019\u00e9tablissement pour chaque ann\u00e9e scolaire.&nbsp;<\/li>\n<\/ul>\n\n\n\n<p>A d\u00e9faut de pouvoir disposer de tout ou partie des \u00ab&nbsp;\u00e9tats VS&nbsp;\u00bb, une attestation officielle du ou de la chef.fe d\u2019\u00e9tablissement sera indispensable. Cette attestation d\u00fbment dat\u00e9e et sign\u00e9e devra comporter &#8211; pour chaque ann\u00e9e scolaire consid\u00e9r\u00e9e \u2013 la liste des enseignants d\u2019EPS en poste indiquant leur nom, pr\u00e9nom, grade (professeur d\u2019EPS, agr\u00e9g\u00e9 d\u2019EPS, charg\u00e9 d\u2019enseignement d\u2019EPS, contractuel) et leur service hebdomadaire incluant les HSA (ex&nbsp;: M. DURAND Pau, professeur d\u2019EPS, 21 h).<\/p>\n\n\n\n<ul>\n<li>Les coordonn\u00e9es personnelles (nom, pr\u00e9nom, adresse postale) de chaque coordonnatrice ou coordonnateur des APSA pour chaque ann\u00e9e scolaire (ou des \u00ab&nbsp;coordos&nbsp;\u00bb en cas de coordination partag\u00e9e). Cette information peut \u00eatre attest\u00e9e officiellement par le ou la chef.fe d\u2019\u00e9tablissement.<\/li>\n<\/ul>\n\n\n\n<p>Le secteur Action juridique \u00e9tablira <strong>pour chaque coll\u00e8gue adh\u00e9rent.e du SNEP-FSU<\/strong> le recours personnalis\u00e9 indispensable pour faire valoir ses droits. <strong>Nous assurerons, avec chaque coll\u00e8gue, le suivi du recours<\/strong>.<\/p>\n\n\n\n<p>Nous ne doutons pas de l\u2019int\u00e9r\u00eat que tu porteras \u00e0 b\u00e9n\u00e9ficier du r\u00e9sultat de la lutte syndicale men\u00e9e par le SNEP-FSU&nbsp;!<\/p>\n\n\n\n<p>Pour t\u2019aider \u00e0 rep\u00e9rer toi-m\u00eame si tu rel\u00e8ves ou relevais &#8211; en tant que coordo \u2013 de la d\u00e9cision de la CAA de Bordeaux, tu trouveras ci-dessous un tableau synth\u00e9tique des situations possibles. Les 2 conditions \u00e0 remplir sont imp\u00e9rativement les suivantes&nbsp;:<\/p>\n\n\n\n<ul>\n<li><em>l\u2019\u00e9quipe p\u00e9dagogique est compos\u00e9e de quatre enseignants d\u2019EPS \u00e0 temps complet<\/em><\/li>\n\n\n\n<li><em>l\u2019un.e d\u2019entre eux b\u00e9n\u00e9ficie d\u2019au moins une HSA<\/em><\/li>\n<\/ul>\n\n\n\n<p><strong>Chaque dossier doit \u00eatre adress\u00e9 \u00e0 <\/strong><a href=\"mailto:juridique@snepfsu.net\" target=\"_blank\" rel=\"noreferrer noopener\"><strong>juridique@snepfsu.net<\/strong><\/a><strong>.<\/strong><\/p>\n\n\n\n<p>* Les coll\u00e8gues qui ont \u00e9t\u00e9 mut\u00e9.es ou qui sont r\u00e9cemment partis \u00e0 la retraite mais qui assuraient post\u00e9rieurement au 01\/09\/2020 (entre le 01\/09\/2020 et le 30\/08\/2024) la mission de coordination des APSA dans leur ancien \u00e9tablissement doivent \u00eatre \u00e9ligibles au b\u00e9n\u00e9fice d\u2019une IMP au taux annuel de 2&nbsp;500 \u20ac si ledit \u00e9tablissement remplissait les conditions rappel\u00e9es ci-dessus.<\/p>\n\n\n\n<p>Bien cordialement,<\/p>\n\n\n\n<p><\/p>\n\n\n\n<p><strong>PR\u00c9VENTION DES RISQUES PROFESSIONNELS ET AM\u00c9LIORATION DES CONDITIONS DE TRAVAIL\u00a0:<br><br><\/strong><\/p>\n\n\n\n<p><strong>Remplis la fiche Sant\u00e9 et S\u00e9curit\u00e9 et Conditions de Travail&nbsp;<\/strong><\/p>\n\n\n\n<p><strong>Acc\u00e8de au registre de danger imm\u00e9diat qui <u>doit \u00eatre accessible<\/u> dans ton \u00e9tablissement (accueil ou salle des professeurs).<\/strong><strong><\/strong><\/p>\n\n\n\n<p>Envoie une copie \u00e0&nbsp;: <a rel=\"noreferrer noopener\" href=\"mailto:f3sct@ac-Martinique.fr\" target=\"_blank\">f3sct@ac-Martinique.fr<\/a> et \u00e0 Caroline Messager&nbsp;: <a rel=\"noreferrer noopener\" href=\"mailto:vairao@yahoo.com\" target=\"_blank\">vairao@yahoo.com<\/a><\/p>\n\n\n\n<p><a href=\"http:\/\/www.snepfsu-martinique.net\/wp-content\/uploads\/2024\/06\/2024-06-11-08-19.pdf\" data-type=\"URL\" data-id=\"http:\/\/www.snepfsu-martinique.net\/wp-content\/uploads\/2024\/06\/2024-06-11-08-19.pdf\" target=\"_blank\" rel=\"noreferrer noopener\">t\u00e9l\u00e9chargement ic<\/a>i <\/p>\n\n\n\n<p><a href=\"http:\/\/www.snepfsu-martinique.net\/wp-content\/uploads\/2024\/06\/2024-06-11-08-16.pdf\" data-type=\"URL\" data-id=\"http:\/\/www.snepfsu-martinique.net\/wp-content\/uploads\/2024\/06\/2024-06-11-08-16.pdf\" target=\"_blank\" rel=\"noreferrer noopener\">fiche SST<\/a><\/p>\n","protected":false},"excerpt":{"rendered":"<p>A l\u2019attention de tous les enseignants d\u2019EPS et COORDONNATEURS Si tu assures en 2024\/2025 la coordination des APSA ou si<\/p>\n","protected":false},"author":1,"featured_media":4874,"parent":0,"menu_order":0,"comment_status":"closed","ping_status":"closed","template":"","meta":{"_bbp_topic_count":0,"_bbp_reply_count":0,"_bbp_total_topic_count":0,"_bbp_total_reply_count":0,"_bbp_voice_count":0,"_bbp_anonymous_reply_count":0,"_bbp_topic_count_hidden":0,"_bbp_reply_count_hidden":0,"_bbp_forum_subforum_count":0},"_links":{"self":[{"href":"https:\/\/www.snepfsu-martinique.net\/index.php\/wp-json\/wp\/v2\/pages\/348"}],"collection":[{"href":"https:\/\/www.snepfsu-martinique.net\/index.php\/wp-json\/wp\/v2\/pages"}],"about":[{"href":"https:\/\/www.snepfsu-martinique.net\/index.php\/wp-json\/wp\/v2\/types\/page"}],"author":[{"embeddable":true,"href":"https:\/\/www.snepfsu-martinique.net\/index.php\/wp-json\/wp\/v2\/users\/1"}],"replies":[{"embeddable":true,"href":"https:\/\/www.snepfsu-martinique.net\/index.php\/wp-json\/wp\/v2\/comments?post=348"}],"version-history":[{"count":3,"href":"https:\/\/www.snepfsu-martinique.net\/index.php\/wp-json\/wp\/v2\/pages\/348\/revisions"}],"predecessor-version":[{"id":4885,"href":"https:\/\/www.snepfsu-martinique.net\/index.php\/wp-json\/wp\/v2\/pages\/348\/revisions\/4885"}],"wp:featuredmedia":[{"embeddable":true,"href":"https:\/\/www.snepfsu-martinique.net\/index.php\/wp-json\/wp\/v2\/media\/4874"}],"wp:attachment":[{"href":"https:\/\/www.snepfsu-martinique.net\/index.php\/wp-json\/wp\/v2\/media?parent=348"}],"curies":[{"name":"wp","href":"https:\/\/api.w.org\/{rel}","templated":true}]}}