{"id":342,"date":"2020-12-16T19:12:35","date_gmt":"2020-12-16T18:12:35","guid":{"rendered":"http:\/\/www.snepfsu-martinique.net\/?page_id=342"},"modified":"2020-12-17T13:37:01","modified_gmt":"2020-12-17T12:37:01","slug":"profs-eps","status":"publish","type":"page","link":"https:\/\/www.snepfsu-martinique.net\/index.php\/profs-eps\/","title":{"rendered":"Profs EPS"},"content":{"rendered":"\n<p class=\"has-text-align-center\"><a href=\"http:\/\/www.snepfsu-martinique.net\/index.php\/avancement\/\">Avancement<\/a><\/p>\n\n\n\n<p class=\"has-text-align-center\"><a href=\"http:\/\/www.snepfsu-martinique.net\/index.php\/promotions\/\">Promotions<\/a><\/p>\n\n\n\n<p class=\"has-text-align-center\"><a href=\"http:\/\/www.snepfsu-martinique.net\/index.php\/rendez-vous-de-carriere\/\">Rendez-vous de carri\u00e8re<\/a><\/p>\n\n\n\n<p class=\"has-text-align-center\"><a href=\"http:\/\/www.snepfsu.net\/corpo\/accoragr.php\">Acc\u00e8s au corps des agr\u00e9g\u00e9s<\/a><\/p>\n","protected":false},"excerpt":{"rendered":"<p>Avancement Promotions Rendez-vous de carri\u00e8re Acc\u00e8s au corps des agr\u00e9g\u00e9s<\/p>\n","protected":false},"author":1,"featured_media":0,"parent":0,"menu_order":0,"comment_status":"closed","ping_status":"closed","template":"","meta":{"_bbp_topic_count":0,"_bbp_reply_count":0,"_bbp_total_topic_count":0,"_bbp_total_reply_count":0,"_bbp_voice_count":0,"_bbp_anonymous_reply_count":0,"_bbp_topic_count_hidden":0,"_bbp_reply_count_hidden":0,"_bbp_forum_subforum_count":0},"_links":{"self":[{"href":"https:\/\/www.snepfsu-martinique.net\/index.php\/wp-json\/wp\/v2\/pages\/342"}],"collection":[{"href":"https:\/\/www.snepfsu-martinique.net\/index.php\/wp-json\/wp\/v2\/pages"}],"about":[{"href":"https:\/\/www.snepfsu-martinique.net\/index.php\/wp-json\/wp\/v2\/types\/page"}],"author":[{"embeddable":true,"href":"https:\/\/www.snepfsu-martinique.net\/index.php\/wp-json\/wp\/v2\/users\/1"}],"replies":[{"embeddable":true,"href":"https:\/\/www.snepfsu-martinique.net\/index.php\/wp-json\/wp\/v2\/comments?post=342"}],"version-history":[{"count":5,"href":"https:\/\/www.snepfsu-martinique.net\/index.php\/wp-json\/wp\/v2\/pages\/342\/revisions"}],"predecessor-version":[{"id":464,"href":"https:\/\/www.snepfsu-martinique.net\/index.php\/wp-json\/wp\/v2\/pages\/342\/revisions\/464"}],"wp:attachment":[{"href":"https:\/\/www.snepfsu-martinique.net\/index.php\/wp-json\/wp\/v2\/media?parent=342"}],"curies":[{"name":"wp","href":"https:\/\/api.w.org\/{rel}","templated":true}]}}