{"id":246,"date":"2020-12-15T16:54:00","date_gmt":"2020-12-15T15:54:00","guid":{"rendered":"http:\/\/www.snepfsu-martinique.net\/?page_id=246"},"modified":"2022-02-15T21:31:23","modified_gmt":"2022-02-15T20:31:23","slug":"les-responsables-des-commissions","status":"publish","type":"page","link":"https:\/\/www.snepfsu-martinique.net\/index.php\/les-responsables-des-commissions\/","title":{"rendered":"Les responsables des commissions"},"content":{"rendered":"\n<figure class=\"wp-block-table\"><table><tbody><tr><td><strong>CTA<br>Comit\u00e9 Technique Acad\u00e9mique&nbsp;<\/strong>&nbsp;<\/td><td><strong>CARANTE Julien<\/strong><br>Coll\u00e8ge Petit Manoir &#8211; Le Lamentin<br><a href=\"mailto:webmaster@snepfsu-martinique.net\"><img decoding=\"async\" loading=\"lazy\" width=\"128\" height=\"128\" class=\"wp-image-302\" src=\"http:\/\/www.snepfsu-martinique.net\/wp-content\/uploads\/2020\/12\/Icon_Mail.png\" alt=\"\" style=\"width: 30px;\"><\/a> <strong><a href=\"mailto:webmaster@snepfsu-martinique.net\">s3-martinique@snepfsu.net<\/a><\/strong><\/td><\/tr><tr><td><strong>CEN<br>Comit\u00e9 de l&rsquo;Education Nationale&nbsp;<\/strong><\/td><td><\/td><\/tr><tr><td><strong>Comit\u00e9 M\u00e9dical<br>et de R\u00e9forme<\/strong><\/td><td>&nbsp;<\/td><\/tr><tr><td><strong>F.S.U<\/strong><\/td><td><strong><strong>CARANTE Julien<\/strong><br><\/strong>Coll\u00e8ge Petit Manoir &#8211; Le Lamentin<\/td><\/tr><tr><td>&nbsp;<strong>Intersyndical<\/strong><\/td><td><strong><strong><strong>CARANTE Julien<\/strong><br><\/strong><\/strong>Coll\u00e8ge Petit Manoir &#8211; Le Lamentin&nbsp;<\/td><\/tr><tr><td><strong>Webmaster<\/strong><\/td><td><strong>DROUILLEAU Thomas<br><\/strong>Coll\u00e8ge J&amp;E Adenet, Le Fran\u00e7ois<br><a href=\"mailto:webmaster@snepfsu-martinique.net\"><img decoding=\"async\" loading=\"lazy\" width=\"128\" height=\"128\" class=\"wp-image-302\" src=\"http:\/\/www.snepfsu-martinique.net\/wp-content\/uploads\/2020\/12\/Icon_Mail.png\" alt=\"\" style=\"width: 30px;\"><\/a> <strong><a href=\"mailto:webmaster@snepfsu-martinique.net\">webmaster@snepfsu-martinique.net<\/a><\/strong><\/td><\/tr><tr><td><strong>Autonome&nbsp;<\/strong><\/td><td><\/td><\/tr><tr><td><strong>Responsable du sport scolaire&nbsp;<\/strong><\/td><td><strong>COUCOULIS Didier<br><\/strong>LGT Frantz Fanon, La Trinit\u00e9&nbsp;<\/td><\/tr><tr><td><strong>Responsable secteur Corpo&nbsp;<\/strong><\/td><td><strong>BLANCHARD Nicolas<\/strong><br>Coll\u00e8ge Morne-des-Esses<\/td><\/tr><tr><td><strong>CHSTCT A<br>Comit\u00e9 Hygi\u00e8ne et S\u00e9curit\u00e9 et<br>des Conditions de Travail Acad\u00e9mique<\/strong><\/td><td>&nbsp;<\/td><\/tr><tr><td><strong>Responsable Stagiaire<\/strong><\/td><td><strong><strong>COUCOULIS Didier<br><\/strong><\/strong>LGT Frantz Fanon, La Trinit\u00e9<strong>&nbsp;<\/strong><\/td><\/tr><tr><td><strong>Responsable UNSS<\/strong><\/td><td><strong><strong>COUCOULIS Didier<br><\/strong><\/strong>LGT Frantz Fanon, La Trinit\u00e9&nbsp;<\/td><\/tr><\/tbody><\/table><\/figure>\n","protected":false},"excerpt":{"rendered":"<p>CTAComit\u00e9 Technique Acad\u00e9mique&nbsp;&nbsp; CARANTE JulienColl\u00e8ge Petit Manoir &#8211; Le Lamentin s3-martinique@snepfsu.net CENComit\u00e9 de l&rsquo;Education Nationale&nbsp; Comit\u00e9 M\u00e9dicalet de R\u00e9forme &nbsp;<\/p>\n","protected":false},"author":1,"featured_media":0,"parent":0,"menu_order":0,"comment_status":"closed","ping_status":"closed","template":"","meta":{"_bbp_topic_count":0,"_bbp_reply_count":0,"_bbp_total_topic_count":0,"_bbp_total_reply_count":0,"_bbp_voice_count":0,"_bbp_anonymous_reply_count":0,"_bbp_topic_count_hidden":0,"_bbp_reply_count_hidden":0,"_bbp_forum_subforum_count":0},"_links":{"self":[{"href":"https:\/\/www.snepfsu-martinique.net\/index.php\/wp-json\/wp\/v2\/pages\/246"}],"collection":[{"href":"https:\/\/www.snepfsu-martinique.net\/index.php\/wp-json\/wp\/v2\/pages"}],"about":[{"href":"https:\/\/www.snepfsu-martinique.net\/index.php\/wp-json\/wp\/v2\/types\/page"}],"author":[{"embeddable":true,"href":"https:\/\/www.snepfsu-martinique.net\/index.php\/wp-json\/wp\/v2\/users\/1"}],"replies":[{"embeddable":true,"href":"https:\/\/www.snepfsu-martinique.net\/index.php\/wp-json\/wp\/v2\/comments?post=246"}],"version-history":[{"count":8,"href":"https:\/\/www.snepfsu-martinique.net\/index.php\/wp-json\/wp\/v2\/pages\/246\/revisions"}],"predecessor-version":[{"id":1401,"href":"https:\/\/www.snepfsu-martinique.net\/index.php\/wp-json\/wp\/v2\/pages\/246\/revisions\/1401"}],"wp:attachment":[{"href":"https:\/\/www.snepfsu-martinique.net\/index.php\/wp-json\/wp\/v2\/media?parent=246"}],"curies":[{"name":"wp","href":"https:\/\/api.w.org\/{rel}","templated":true}]}}