{"id":245,"date":"2020-12-15T16:53:59","date_gmt":"2020-12-15T15:53:59","guid":{"rendered":"http:\/\/www.snepfsu-martinique.net\/?page_id=245"},"modified":"2022-02-15T21:35:29","modified_gmt":"2022-02-15T20:35:29","slug":"les-commissaires-paritaires","status":"publish","type":"page","link":"https:\/\/www.snepfsu-martinique.net\/index.php\/les-commissaires-paritaires\/","title":{"rendered":"Les commissaires paritaires"},"content":{"rendered":"\n<h2>CAPA Professeurs d&rsquo;EPS &amp; CE EPS<\/h2>\n\n\n\n<figure class=\"wp-block-table\"><table><tbody><tr><td><span class=\"has-inline-color has-vivid-red-color\"><em><b>R\u00c9F\u00c9RENT MUTATIONS<\/b><\/em><\/span>  <strong><span class=\"has-inline-color has-vivid-red-color\">>><\/span><\/strong> <strong><span class=\"has-inline-color has-vivid-red-color\">Julien CARANTE<\/span><\/strong> <img decoding=\"async\" src=\"http:\/\/www.snepfsu-martinique.net\/wp-content\/uploads\/2020\/12\/Icon-telephone.png\" style=\"width: 30px;\" alt=\"\"> <strong>07.67.20.72.33<\/strong> <\/td><\/tr><tr><td><span class=\"has-inline-color has-vivid-red-color\"><em><b>R\u00c9F\u00c9RENT MUTATIONS<\/b><\/em><\/span>  <span class=\"has-inline-color has-vivid-red-color\"><strong>>><\/strong> <strong>Nicolas BLANCHARD<\/strong><\/span> <img decoding=\"async\" src=\"http:\/\/www.snepfsu-martinique.net\/wp-content\/uploads\/2020\/12\/Icon-telephone.png\" alt=\"\" style=\"width: 30px;\"> <strong>06.96.41.89.64<\/strong><\/td><\/tr><tr><td><strong>Pierre LELEU<\/strong> (Hors-Classe) <img decoding=\"async\" src=\"http:\/\/www.snepfsu-martinique.net\/wp-content\/uploads\/2020\/12\/Icon-telephone.png\" alt=\"\" style=\"width: 30px;\"> <strong>06.45.66.48.72<\/strong><\/td><\/tr><tr><td><strong>Thierry GRETH<\/strong> (Hors-Classe) <img decoding=\"async\" loading=\"lazy\" width=\"128\" height=\"128\" class=\"wp-image-303\" style=\"width: 30px;\" src=\"http:\/\/www.snepfsu-martinique.net\/wp-content\/uploads\/2020\/12\/Icon-telephone.png\" alt=\"\"> <strong>06.96.37.39.35<\/strong><\/td><\/tr><tr><td><strong>Caroline MESSAGER<\/strong> (Classe Exceptionnelle) <img decoding=\"async\" src=\"http:\/\/www.snepfsu-martinique.net\/wp-content\/uploads\/2020\/12\/Icon-telephone.png\" alt=\"\" style=\"width: 30px;\"> <strong>06.96.32.98.28<\/strong><\/td><\/tr><\/tbody><\/table><\/figure>\n\n\n\n<div style=\"height:57px\" aria-hidden=\"true\" class=\"wp-block-spacer\"><\/div>\n\n\n\n<h2>CAPA Agr\u00e9g\u00e9s<\/h2>\n\n\n\n<figure class=\"wp-block-table\"><table><tbody><tr><td><strong>Pascal RENVIER<\/strong> <img decoding=\"async\" src=\"http:\/\/www.snepfsu-martinique.net\/wp-content\/uploads\/2020\/12\/Icon-telephone.png\" alt=\"\" style=\"width: 30px;\"> <strong>06.96.85.18.09<\/strong><\/td><\/tr><\/tbody><\/table><\/figure>\n\n\n\n<p><\/p>\n","protected":false},"excerpt":{"rendered":"<p>CAPA Professeurs d&rsquo;EPS &amp; CE EPS R\u00c9F\u00c9RENT MUTATIONS >> Julien CARANTE 07.67.20.72.33 R\u00c9F\u00c9RENT MUTATIONS >> Nicolas BLANCHARD 06.96.41.89.64 Pierre LELEU<\/p>\n","protected":false},"author":1,"featured_media":0,"parent":0,"menu_order":0,"comment_status":"closed","ping_status":"closed","template":"","meta":{"_bbp_topic_count":0,"_bbp_reply_count":0,"_bbp_total_topic_count":0,"_bbp_total_reply_count":0,"_bbp_voice_count":0,"_bbp_anonymous_reply_count":0,"_bbp_topic_count_hidden":0,"_bbp_reply_count_hidden":0,"_bbp_forum_subforum_count":0},"_links":{"self":[{"href":"https:\/\/www.snepfsu-martinique.net\/index.php\/wp-json\/wp\/v2\/pages\/245"}],"collection":[{"href":"https:\/\/www.snepfsu-martinique.net\/index.php\/wp-json\/wp\/v2\/pages"}],"about":[{"href":"https:\/\/www.snepfsu-martinique.net\/index.php\/wp-json\/wp\/v2\/types\/page"}],"author":[{"embeddable":true,"href":"https:\/\/www.snepfsu-martinique.net\/index.php\/wp-json\/wp\/v2\/users\/1"}],"replies":[{"embeddable":true,"href":"https:\/\/www.snepfsu-martinique.net\/index.php\/wp-json\/wp\/v2\/comments?post=245"}],"version-history":[{"count":7,"href":"https:\/\/www.snepfsu-martinique.net\/index.php\/wp-json\/wp\/v2\/pages\/245\/revisions"}],"predecessor-version":[{"id":1404,"href":"https:\/\/www.snepfsu-martinique.net\/index.php\/wp-json\/wp\/v2\/pages\/245\/revisions\/1404"}],"wp:attachment":[{"href":"https:\/\/www.snepfsu-martinique.net\/index.php\/wp-json\/wp\/v2\/media?parent=245"}],"curies":[{"name":"wp","href":"https:\/\/api.w.org\/{rel}","templated":true}]}}