{"id":151,"date":"2020-12-12T16:22:04","date_gmt":"2020-12-12T15:22:04","guid":{"rendered":"http:\/\/www.snepfsu-martinique.net\/?page_id=151"},"modified":"2026-03-26T23:13:54","modified_gmt":"2026-03-26T22:13:54","slug":"se-syndiquer","status":"publish","type":"page","link":"https:\/\/www.snepfsu-martinique.net\/index.php\/se-syndiquer\/","title":{"rendered":"Se syndiquer"},"content":{"rendered":"\n<h2 class=\"has-text-align-center\"><strong>66% de la cotisation d\u00e9ductibles des imp\u00f4ts !!<\/strong> <\/h2>\n\n\n\n<div style=\"height:95px\" aria-hidden=\"true\" class=\"wp-block-spacer\"><\/div>\n\n\n\n<p class=\"has-text-align-center\"><strong>Pour adh\u00e9rer au SNEP en passant par le paiement en ligne :<\/strong><\/p>\n\n\n\n<div class=\"is-horizontal is-content-justification-center is-layout-flex wp-container-1 wp-block-buttons\">\n<div class=\"wp-block-button is-style-fill\"><a class=\"wp-block-button__link wp-element-button\" href=\"https:\/\/gri.snepfsu.net\/ADL\/\" target=\"_blank\" rel=\"noreferrer noopener\">cliquez ici<\/a><\/div>\n<\/div>\n\n\n\n<div style=\"height:89px\" aria-hidden=\"true\" class=\"wp-block-spacer\"><\/div>\n\n\n\n<p class=\"has-text-align-center\"><strong>Pour adh\u00e9rer au SNEP via le formulaire papier :<\/strong><\/p>\n\n\n\n<p class=\"has-text-align-center\">1. T\u00e9l\u00e9chargez le <a href=\"http:\/\/www.snepfsu-martinique.net\/wp-content\/uploads\/2026\/03\/fiche_cotisation_2025_2026_DOM-1.pdf\"><strong>formulaire<\/strong> <\/a>(fiche, demande de pr\u00e9l\u00e8vement automatique et tableau des cotisations) <a rel=\"noreferrer noopener\" href=\"http:\/\/www.snepfsu-martinique.net\/wp-content\/uploads\/2026\/03\/fiche_cotisation_2025_2026_DOM-1.pdf\" data-type=\"URL\" target=\"_blank\"><img decoding=\"async\" loading=\"lazy\" width=\"128\" height=\"128\" class=\"wp-image-224\" style=\"width: 50px;\" src=\"http:\/\/www.snepfsu-martinique.net\/wp-content\/uploads\/2020\/12\/icon-pdf-1.png\" alt=\"\"><\/a><\/p>\n\n\n\n<p class=\"has-text-align-center\">2. Imprimez-le et remplissez-le<\/p>\n\n\n\n<p class=\"has-text-align-center\">3. Libellez le(s) ch\u00e8que(s) \u00e0 l&rsquo;ordre du SNEP MARTINIQUE (datez du jour de la signature) ou bien optez pour le pr\u00e9l\u00e8vement automatique et renvoyez avec la fiche syndicale l&rsquo;autorisation de pr\u00e9l\u00e8vement accompagn\u00e9e d&rsquo;un RIB<\/p>\n\n\n\n<p class=\"has-text-align-center\">4. Envoyez le tout au SNEP National ou au tr\u00e9sorier de votre d\u00e9partement (voir ci-dessous)<\/p>\n\n\n\n<div style=\"height:61px\" aria-hidden=\"true\" class=\"wp-block-spacer\"><\/div>\n\n\n\n<p class=\"has-text-align-center\"><strong>O\u00f9 envoyer vos documents d\u2019adh\u00e9sion :<\/strong> <\/p>\n\n\n\n<p class=\"has-text-align-center\"><strong>Pierre LELEU<\/strong><br>28, rue du surf<br>97220 TRINIT\u00c9<br><img decoding=\"async\" loading=\"lazy\" width=\"128\" height=\"128\" class=\"wp-image-303\" src=\"http:\/\/www.snepfsu-martinique.net\/wp-content\/uploads\/2020\/12\/Icon-telephone.png\" alt=\"\" style=\"width: 30px;\"> 06 45 66 48 72<br><a href=\"mailto:t3-martinique@snepfsu.net\"><img decoding=\"async\" loading=\"lazy\" width=\"128\" height=\"128\" class=\"wp-image-302\" src=\"http:\/\/www.snepfsu-martinique.net\/wp-content\/uploads\/2020\/12\/Icon_Mail.png\" alt=\"\" style=\"width: 30px;\"><strong>t3-martinique@snepfsu.net<\/strong><\/a><\/p>\n","protected":false},"excerpt":{"rendered":"<p>66% de la cotisation d\u00e9ductibles des imp\u00f4ts !! Pour adh\u00e9rer au SNEP en passant par le paiement en ligne :<\/p>\n","protected":false},"author":1,"featured_media":0,"parent":0,"menu_order":0,"comment_status":"closed","ping_status":"closed","template":"","meta":{"_bbp_topic_count":0,"_bbp_reply_count":0,"_bbp_total_topic_count":0,"_bbp_total_reply_count":0,"_bbp_voice_count":0,"_bbp_anonymous_reply_count":0,"_bbp_topic_count_hidden":0,"_bbp_reply_count_hidden":0,"_bbp_forum_subforum_count":0},"_links":{"self":[{"href":"https:\/\/www.snepfsu-martinique.net\/index.php\/wp-json\/wp\/v2\/pages\/151"}],"collection":[{"href":"https:\/\/www.snepfsu-martinique.net\/index.php\/wp-json\/wp\/v2\/pages"}],"about":[{"href":"https:\/\/www.snepfsu-martinique.net\/index.php\/wp-json\/wp\/v2\/types\/page"}],"author":[{"embeddable":true,"href":"https:\/\/www.snepfsu-martinique.net\/index.php\/wp-json\/wp\/v2\/users\/1"}],"replies":[{"embeddable":true,"href":"https:\/\/www.snepfsu-martinique.net\/index.php\/wp-json\/wp\/v2\/comments?post=151"}],"version-history":[{"count":24,"href":"https:\/\/www.snepfsu-martinique.net\/index.php\/wp-json\/wp\/v2\/pages\/151\/revisions"}],"predecessor-version":[{"id":4911,"href":"https:\/\/www.snepfsu-martinique.net\/index.php\/wp-json\/wp\/v2\/pages\/151\/revisions\/4911"}],"wp:attachment":[{"href":"https:\/\/www.snepfsu-martinique.net\/index.php\/wp-json\/wp\/v2\/media?parent=151"}],"curies":[{"name":"wp","href":"https:\/\/api.w.org\/{rel}","templated":true}]}}