{"id":1377,"date":"2022-02-12T12:47:46","date_gmt":"2022-02-12T11:47:46","guid":{"rendered":"http:\/\/www.snepfsu-martinique.net\/?page_id=1377"},"modified":"2022-02-12T12:47:47","modified_gmt":"2022-02-12T11:47:47","slug":"acces-a-la-hors-classe-des-ce-eps","status":"publish","type":"page","link":"https:\/\/www.snepfsu-martinique.net\/index.php\/acces-a-la-hors-classe-des-ce-eps\/","title":{"rendered":"Acc\u00e8s \u00e0 la hors-classe des CE EPS"},"content":{"rendered":"\n<h2>Avancement \u00e0 la hors classe des CE d\u2019EPS \u2013 Ann\u00e9e 2021<\/h2>\n\n\n\n<p><a href=\"https:\/\/lesite.snepfsu.fr\/wp-content\/uploads\/2021\/09\/Fiche_LDG_avancement_Hors_Classe_CEEPS_BOSpe9_05nov2020.pdf\" target=\"_blank\" rel=\"noreferrer noopener\">Acc\u00e8s \u00e0 la hors classe des CE d\u2019EPS<\/a>&nbsp;paru au BO Sp\u00e9cial 9 du 05 novembre 2020<\/p>\n\n\n\n<p><a href=\"https:\/\/www.education.gouv.fr\/bo\/20\/Hebdo47\/MENH2031351N.htm\" target=\"_blank\" rel=\"noreferrer noopener\">Calendrier et modalit\u00e9s de constitution des dossiers pour les campagnes 2021 d\u2019avancement de grade et de corps<\/a>&nbsp;parus BO N\u00b0 47 du 09 d\u00e9cembre 2020 \u2013 NS du 24-11-2020<\/p>\n\n\n\n<p><strong>Les conditions requises :<\/strong><br>Peuvent acc\u00e9der \u00e0 la hors-classe de leur corps les agents de classe normale ayant atteint au moins le 7e \u00e9chelon de la classe normale au 31 ao\u00fbt 2021, y compris ceux qui sont stagiaires dans d\u2019autres corps.<\/p>\n\n\n\n<p>Tous les personnels ont vocation \u00e0 acc\u00e9der \u00e0 la hors-classe d\u00e8s lors qu\u2019ils remplissent les conditions. La situation des agents ayant fait l\u2019objet lors de la campagne pr\u00e9c\u00e9dente d\u2019un avis d\u00e9favorable de la part des corps d\u2019inspection ou des chefs d\u2019\u00e9tablissement doit \u00eatre r\u00e9\u00e9xamin\u00e9e chaque ann\u00e9e. Des mesures de formation et d\u2019accompagnement sont utilement envisag\u00e9es aux fins de permettre de lever \u00e9ventuellement ces avis d\u00e9favorables.<\/p>\n\n\n\n<h2>Les aspects techniques<\/h2>\n\n\n\n<ul><li><strong>Pour Qui ?<\/strong><\/li><\/ul>\n\n\n\n<p>\u2013 Les coll\u00e8gues \u00e0 partir du 7e \u00e9chelon de la classe normale au 31 ao\u00fbt 2021.<\/p>\n\n\n\n<ul><li><strong>O\u00f9&nbsp;les dossiers sont-ils trait\u00e9s ?<\/strong><\/li><\/ul>\n\n\n\n<p>\u2013 Les candidatures \u00e0 l\u2019avancement de grade \u00e0 la Hors classe des CE d\u2019EPS&nbsp;sont examin\u00e9es dans l\u2019acad\u00e9mie (CAPA) pour les coll\u00e8gues affect\u00e9s en \u00e9tablissements, au minist\u00e8re (CAPN) pour les coll\u00e8gues mis \u00e0 disposition, d\u00e9tach\u00e9s.<\/p>\n\n\n\n<ul><li><strong>Comment<\/strong>&nbsp;<strong>les dossiers sont-ils trait\u00e9s ?<\/strong><\/li><\/ul>\n\n\n\n<p>\u2013 Le recteur ou le ministre arr\u00eate les tableaux d\u2019avancement. Apr\u00e8s avoir recueilli l\u2019avis de la CAPA ou CAPN, le recteur ou le ministre prononce les promotions dans l\u2019ordre d\u2019inscription au tableau d\u2019avancement.<\/p>\n\n\n\n<ul><li><strong>Combien de promotions possibles&nbsp;?<\/strong><\/li><\/ul>\n\n\n\n<p>\u2013 Les contingents allou\u00e9s \u00e0 chaque Acad\u00e9mie sont calcul\u00e9s sur la base du ratio promus \u2013 promouvables comprenant tous les CE&nbsp;du 7\u00e8me au 11\u00e8me \u00e9chelon.<br>En 2020, le ratio \u00e9tait de 100%.<\/p>\n\n\n\n<p><strong>Grille d\u2019avancement CE d\u2019EPS Hors Classe<\/strong><\/p>\n\n\n\n<figure class=\"wp-block-table\"><table><tbody><tr><td><strong>Echelons<\/strong><\/td><td><strong>Hors Classe<\/strong><\/td><\/tr><tr><td>Du 1er au 2\u00e8me<\/td><td><strong>2 ans<\/strong><\/td><\/tr><tr><td>Du 2\u00e8me au 3\u00e8me<\/td><td><strong>3 ans<\/strong><\/td><\/tr><tr><td>Du 3\u00e8me au 4\u00e8me<\/td><td><strong>3 ans<\/strong><\/td><\/tr><tr><td>Du 4\u00e8me au 5\u00e8me<\/td><td><strong>3 ans<\/strong><\/td><\/tr><tr><td>Du 5\u00e8me au 6\u00e8me<\/td><td><strong>&nbsp;3 ans<\/strong><\/td><\/tr><\/tbody><\/table><\/figure>\n","protected":false},"excerpt":{"rendered":"<p>Avancement \u00e0 la hors classe des CE d\u2019EPS \u2013 Ann\u00e9e 2021 Acc\u00e8s \u00e0 la hors classe des CE d\u2019EPS&nbsp;paru au<\/p>\n","protected":false},"author":1,"featured_media":0,"parent":0,"menu_order":0,"comment_status":"closed","ping_status":"closed","template":"","meta":{"_bbp_topic_count":0,"_bbp_reply_count":0,"_bbp_total_topic_count":0,"_bbp_total_reply_count":0,"_bbp_voice_count":0,"_bbp_anonymous_reply_count":0,"_bbp_topic_count_hidden":0,"_bbp_reply_count_hidden":0,"_bbp_forum_subforum_count":0},"_links":{"self":[{"href":"https:\/\/www.snepfsu-martinique.net\/index.php\/wp-json\/wp\/v2\/pages\/1377"}],"collection":[{"href":"https:\/\/www.snepfsu-martinique.net\/index.php\/wp-json\/wp\/v2\/pages"}],"about":[{"href":"https:\/\/www.snepfsu-martinique.net\/index.php\/wp-json\/wp\/v2\/types\/page"}],"author":[{"embeddable":true,"href":"https:\/\/www.snepfsu-martinique.net\/index.php\/wp-json\/wp\/v2\/users\/1"}],"replies":[{"embeddable":true,"href":"https:\/\/www.snepfsu-martinique.net\/index.php\/wp-json\/wp\/v2\/comments?post=1377"}],"version-history":[{"count":1,"href":"https:\/\/www.snepfsu-martinique.net\/index.php\/wp-json\/wp\/v2\/pages\/1377\/revisions"}],"predecessor-version":[{"id":1378,"href":"https:\/\/www.snepfsu-martinique.net\/index.php\/wp-json\/wp\/v2\/pages\/1377\/revisions\/1378"}],"wp:attachment":[{"href":"https:\/\/www.snepfsu-martinique.net\/index.php\/wp-json\/wp\/v2\/media?parent=1377"}],"curies":[{"name":"wp","href":"https:\/\/api.w.org\/{rel}","templated":true}]}}