{"id":130,"date":"2020-12-10T14:42:17","date_gmt":"2020-12-10T13:42:17","guid":{"rendered":"http:\/\/www.snepfsu-martinique.net\/?page_id=130"},"modified":"2020-12-13T19:32:12","modified_gmt":"2020-12-13T18:32:12","slug":"les-zones-de-remplacement","status":"publish","type":"page","link":"https:\/\/www.snepfsu-martinique.net\/index.php\/les-zones-de-remplacement\/","title":{"rendered":"Les zones de remplacement"},"content":{"rendered":"\n<p>L\u2019acad\u00e9mie de Martinique n\u2019est pas divis\u00e9e en zones de remplacement. Les personnels affect\u00e9s sur un poste de titulaire sur zone de remplacement (TZR) le sont sur l&rsquo;ensemble de l&rsquo;acad\u00e9mie.<\/p>\n","protected":false},"excerpt":{"rendered":"<p>L\u2019acad\u00e9mie de Martinique n\u2019est pas divis\u00e9e en zones de remplacement. Les personnels affect\u00e9s sur un poste de titulaire sur zone<\/p>\n","protected":false},"author":1,"featured_media":0,"parent":0,"menu_order":0,"comment_status":"closed","ping_status":"closed","template":"","meta":{"_bbp_topic_count":0,"_bbp_reply_count":0,"_bbp_total_topic_count":0,"_bbp_total_reply_count":0,"_bbp_voice_count":0,"_bbp_anonymous_reply_count":0,"_bbp_topic_count_hidden":0,"_bbp_reply_count_hidden":0,"_bbp_forum_subforum_count":0},"_links":{"self":[{"href":"https:\/\/www.snepfsu-martinique.net\/index.php\/wp-json\/wp\/v2\/pages\/130"}],"collection":[{"href":"https:\/\/www.snepfsu-martinique.net\/index.php\/wp-json\/wp\/v2\/pages"}],"about":[{"href":"https:\/\/www.snepfsu-martinique.net\/index.php\/wp-json\/wp\/v2\/types\/page"}],"author":[{"embeddable":true,"href":"https:\/\/www.snepfsu-martinique.net\/index.php\/wp-json\/wp\/v2\/users\/1"}],"replies":[{"embeddable":true,"href":"https:\/\/www.snepfsu-martinique.net\/index.php\/wp-json\/wp\/v2\/comments?post=130"}],"version-history":[{"count":2,"href":"https:\/\/www.snepfsu-martinique.net\/index.php\/wp-json\/wp\/v2\/pages\/130\/revisions"}],"predecessor-version":[{"id":199,"href":"https:\/\/www.snepfsu-martinique.net\/index.php\/wp-json\/wp\/v2\/pages\/130\/revisions\/199"}],"wp:attachment":[{"href":"https:\/\/www.snepfsu-martinique.net\/index.php\/wp-json\/wp\/v2\/media?parent=130"}],"curies":[{"name":"wp","href":"https:\/\/api.w.org\/{rel}","templated":true}]}}