{"id":127,"date":"2020-12-10T14:42:17","date_gmt":"2020-12-10T13:42:17","guid":{"rendered":"http:\/\/www.snepfsu-martinique.net\/?page_id=127"},"modified":"2020-12-13T19:35:22","modified_gmt":"2020-12-13T18:35:22","slug":"le-mouvement-tzr","status":"publish","type":"page","link":"https:\/\/www.snepfsu-martinique.net\/index.php\/le-mouvement-tzr\/","title":{"rendered":"Le mouvement TZR"},"content":{"rendered":"\n<p>La circulaire acad\u00e9mique pr\u00e9cise qu&rsquo; \u00ab\u00a0<strong>obligatoirement<\/strong>, tous les titulaires de zone de remplacement (TZR) qu\u2019ils souhaitent ou non obtenir une affectation d\u00e9finitive en \u00e9tablissement\u00a0\u00bb participent au mouvement intra.\u00a0\u00bb \u00c0 la suite d\u2019une affectation en zone de remplacement, le bar\u00e8me, valid\u00e9 en fonction du premier v\u0153u formul\u00e9 \u00e0 l\u2019intra, sans qu\u2019il soit tenu compte du mill\u00e9sime d\u2019entr\u00e9e dans l\u2019acad\u00e9mie, servira \u00e0 d\u00e9terminer l\u2019affectation \u00e0 l\u2019ann\u00e9e, soit en \u00e9tablissement soit en zone de remplacement. En cas de non participation \u00e0 l\u2019intra, les affectations seront trait\u00e9es en queue de mouvement sur la base d\u2019un bar\u00e8me cumulant l\u2019anciennet\u00e9 d\u2019\u00e9chelon et de poste.<\/p>\n","protected":false},"excerpt":{"rendered":"<p>La circulaire acad\u00e9mique pr\u00e9cise qu&rsquo; \u00ab\u00a0obligatoirement, tous les titulaires de zone de remplacement (TZR) qu\u2019ils souhaitent ou non obtenir une<\/p>\n","protected":false},"author":1,"featured_media":0,"parent":0,"menu_order":0,"comment_status":"closed","ping_status":"closed","template":"","meta":{"_bbp_topic_count":0,"_bbp_reply_count":0,"_bbp_total_topic_count":0,"_bbp_total_reply_count":0,"_bbp_voice_count":0,"_bbp_anonymous_reply_count":0,"_bbp_topic_count_hidden":0,"_bbp_reply_count_hidden":0,"_bbp_forum_subforum_count":0},"_links":{"self":[{"href":"https:\/\/www.snepfsu-martinique.net\/index.php\/wp-json\/wp\/v2\/pages\/127"}],"collection":[{"href":"https:\/\/www.snepfsu-martinique.net\/index.php\/wp-json\/wp\/v2\/pages"}],"about":[{"href":"https:\/\/www.snepfsu-martinique.net\/index.php\/wp-json\/wp\/v2\/types\/page"}],"author":[{"embeddable":true,"href":"https:\/\/www.snepfsu-martinique.net\/index.php\/wp-json\/wp\/v2\/users\/1"}],"replies":[{"embeddable":true,"href":"https:\/\/www.snepfsu-martinique.net\/index.php\/wp-json\/wp\/v2\/comments?post=127"}],"version-history":[{"count":2,"href":"https:\/\/www.snepfsu-martinique.net\/index.php\/wp-json\/wp\/v2\/pages\/127\/revisions"}],"predecessor-version":[{"id":200,"href":"https:\/\/www.snepfsu-martinique.net\/index.php\/wp-json\/wp\/v2\/pages\/127\/revisions\/200"}],"wp:attachment":[{"href":"https:\/\/www.snepfsu-martinique.net\/index.php\/wp-json\/wp\/v2\/media?parent=127"}],"curies":[{"name":"wp","href":"https:\/\/api.w.org\/{rel}","templated":true}]}}