{"id":107,"date":"2020-12-10T14:23:12","date_gmt":"2020-12-10T13:23:12","guid":{"rendered":"http:\/\/www.snepfsu-martinique.net\/?page_id=107"},"modified":"2022-02-04T16:07:18","modified_gmt":"2022-02-04T15:07:18","slug":"des-mouvements-inter-intra","status":"publish","type":"page","link":"https:\/\/www.snepfsu-martinique.net\/index.php\/des-mouvements-inter-intra\/","title":{"rendered":"des mouvements Inter &#038; Intra"},"content":{"rendered":"\n<h2>Mutations Inter<\/h2>\n\n\n\n<ul><li><strong>9 novembre 2021 \u00e0 12h&nbsp;<\/strong>(heure m\u00e9tropolitaine) : ouverture de la saisie des voeux sur<a href=\"http:\/\/www.education.gouv.fr\/iprof-siam\" target=\"_blank\" rel=\"noreferrer noopener\">Iprof-SIAM<\/a>.<\/li><li><strong>30 novembre 2021 \u00e0 12h<\/strong>&nbsp;(heure m\u00e9tropolitaine) : fermeture de la saisie des voeux sur Iprof-SIAM.<\/li><\/ul>\n\n\n\n<p><strong>Nouveaut\u00e9 LDG 2022<\/strong>&nbsp;:<\/p>\n\n\n\n<ul><li>vous devez t\u00e9l\u00e9charger la confirmation de demande sur SIAM \u00e0 partir du 1\/12\/2021<\/li><li>la corriger si n\u00e9cessaire (apporter les corrections en rouge)<\/li><li>la renvoyer au rectorat, sous couvert du chef d\u2019\u00e9tablissement, accompagn\u00e9e des \u00e9ventuelles pi\u00e8ces justificatives<\/li><\/ul>\n\n\n\n<ul><li><strong>13 janvier 2022\u00a0<\/strong>: date limite d\u2019affichage des bar\u00e8mes.<\/li><li><strong>Vous aurez 15 jours pour demander des corrections \u00e9ventuelles. N\u2019h\u00e9sitez pas \u00e0\u00a0<a rel=\"noreferrer noopener\" href=\"https:\/\/lesite.snepfsu.fr\/wp-content\/uploads\/2021\/11\/responsaca_mut2022.pdf\" target=\"_blank\">nous contacter<\/a>\u00a0pour vous accompagner dans cette d\u00e9marche.<\/strong><\/li><li>Apr\u00e8s fermeture des serveurs Siam (accessibles par I-Prof), les demandes de participation tardives aux mouvements interacad\u00e9mique, de modification de demande de participation au mouvement interacad\u00e9mique et d\u2019annulation de participation (1) aux mouvements interacad\u00e9mique devront avoir \u00e9t\u00e9 d\u00e9pos\u00e9es\u00a0<strong>avant le vendredi 11 f\u00e9vrier 2022 \u00e0 minuit.<\/strong><\/li><li><strong>03 mars 2022<\/strong>\u00a0: r\u00e9sultats de la phase inter acad\u00e9mique<\/li><li>Les candidats peuvent former un recours administratif\u00a0<strong>jusqu\u2019au 03 mai 2022<\/strong>\u00a0contre les d\u00e9cisions individuelles d\u00e9favorables prises au titre de l\u2019article 60 de la loi du 11 janvier 1984 lorsqu\u2019ils n\u2019obtiennent pas de mutation ou lorsque devant recevoir une affectation, ils sont mut\u00e9s dans une acad\u00e9mie qu\u2019ils n\u2019avaient pas demand\u00e9e.\u00a0<strong>Dans ce cadre, ils peuvent choisir un repr\u00e9sentant du SNEP-FSU pour les assister.<\/strong><\/li><\/ul>\n\n\n\n<p><a rel=\"noreferrer noopener\" href=\"https:\/\/lesite.snepfsu.fr\/ma-carriere\/mutations\/fiches-a-renvoyer\/fiches-de-suivi\/\" target=\"_blank\">Les fiches de suivi<\/a><\/p>\n\n\n\n<h2>Mutations Intra<\/h2>\n\n\n\n<ul><li><strong>A partir du 08 Mars 2022<\/strong>&nbsp;: ouverture de la saisie des voeux sur&nbsp;<a href=\"http:\/\/www.education.gouv.fr\/iprof-siam\" target=\"_blank\" rel=\"noreferrer noopener\">Iprof-SIAM<\/a>&nbsp;(Date acad\u00e9mique)<\/li><li>Date acad\u00e9mique : date limite d\u2019envoi des dossiers m\u00e9dicaux et des dossiers au titre du handicap aupr\u00e8s du M\u00e9decin Conseiller Technique du Recteur. &nbsp;<\/li><li><strong>Avril 2022<\/strong>&nbsp;: fermeture de la saisie des voeux sur Iprof-SIAM (Date acad\u00e9mique)<\/li><li>Date acad\u00e9mique&nbsp;: r\u00e9ception sur la boite courriel renseign\u00e9e sur Ipro-SIAM du formulaire de confirmation.<\/li><li>Date acad\u00e9mique : renvoi de l\u2019ensemble du dossier de demande de mutation<\/li><li>Date acad\u00e9mique : date limite d\u2019affichage des bar\u00e8mes.<\/li><li>Apr\u00e8s fermeture des serveurs Siam (accessibles par I-Prof), les demandes de participation tardives aux mouvements interacad\u00e9mique, de modification de demande de participation au mouvement intraacad\u00e9mique et d\u2019annulation de participation (1) devront avoir \u00e9t\u00e9 d\u00e9pos\u00e9es dans les d\u00e9lais fix\u00e9s par le recteur et le vice recteur de Mayotte.<\/li><li>Date acad\u00e9mique : date limite des demandes de rectification de bar\u00e8me<\/li><li><strong>Juin 2022<\/strong>&nbsp;:r\u00e9sultats de la phase intra acad\u00e9mique.<\/li><li>Pendant 2 mois, les candidats peuvent former un recours administratif contre les d\u00e9cisions individuelles d\u00e9favorables prises au titre de l\u2019article 60 de la loi du 11 janvier 1984 lorsqu\u2019ils n\u2019obtiennent pas de mutation ou lorsque devant recevoir une affectation, ils sont mut\u00e9s dans une zone ou sur un poste qu\u2019ils n\u2019avaient pas demand\u00e9s.<br>Dans ce cadre, ils peuvent choisir un repr\u00e9sentant du SNEP-FSU pour les assister.<\/li><\/ul>\n\n\n\n<p><a href=\"https:\/\/lesite.snepfsu.fr\/ma-carriere\/mutations\/fiches-a-renvoyer\/fiches-de-suivi\/\" target=\"_blank\" rel=\"noreferrer noopener\">Les fiches de suivi<\/a><\/p>\n\n\n\n<p><em>(1) Les demandes de participation tardives pourront notamment \u00eatre accord\u00e9es pour les motifs suivants :<br>\u2013 d\u00e9c\u00e8s du conjoint ou d\u2019un enfant ;<br>\u2013 cas m\u00e9dical aggrav\u00e9 du conjoint ou d\u2019un enfant ;<br>\u2013 mutation impr\u00e9visible du conjoint ;<br>\u2013 mesure de carte scolaire.<br>Les demandes de modification d\u2019une demande de participation au mouvement pourront notamment \u00eatre accord\u00e9es pour les motifs suivants :<br>\u2013 enfant n\u00e9 ou \u00e0 na\u00eetre ;<br>\u2013 mutation impr\u00e9visible du conjoint.<br>Les demandes d\u2019annulation de participation aux mouvements interacad\u00e9mique et sp\u00e9cifique seront accept\u00e9es, sans condition.<\/em><\/p>\n","protected":false},"excerpt":{"rendered":"<p>Mutations Inter 9 novembre 2021 \u00e0 12h&nbsp;(heure m\u00e9tropolitaine) : ouverture de la saisie des voeux surIprof-SIAM. 30 novembre 2021 \u00e0<\/p>\n","protected":false},"author":1,"featured_media":0,"parent":0,"menu_order":0,"comment_status":"closed","ping_status":"closed","template":"","meta":{"_bbp_topic_count":0,"_bbp_reply_count":0,"_bbp_total_topic_count":0,"_bbp_total_reply_count":0,"_bbp_voice_count":0,"_bbp_anonymous_reply_count":0,"_bbp_topic_count_hidden":0,"_bbp_reply_count_hidden":0,"_bbp_forum_subforum_count":0},"_links":{"self":[{"href":"https:\/\/www.snepfsu-martinique.net\/index.php\/wp-json\/wp\/v2\/pages\/107"}],"collection":[{"href":"https:\/\/www.snepfsu-martinique.net\/index.php\/wp-json\/wp\/v2\/pages"}],"about":[{"href":"https:\/\/www.snepfsu-martinique.net\/index.php\/wp-json\/wp\/v2\/types\/page"}],"author":[{"embeddable":true,"href":"https:\/\/www.snepfsu-martinique.net\/index.php\/wp-json\/wp\/v2\/users\/1"}],"replies":[{"embeddable":true,"href":"https:\/\/www.snepfsu-martinique.net\/index.php\/wp-json\/wp\/v2\/comments?post=107"}],"version-history":[{"count":5,"href":"https:\/\/www.snepfsu-martinique.net\/index.php\/wp-json\/wp\/v2\/pages\/107\/revisions"}],"predecessor-version":[{"id":1295,"href":"https:\/\/www.snepfsu-martinique.net\/index.php\/wp-json\/wp\/v2\/pages\/107\/revisions\/1295"}],"wp:attachment":[{"href":"https:\/\/www.snepfsu-martinique.net\/index.php\/wp-json\/wp\/v2\/media?parent=107"}],"curies":[{"name":"wp","href":"https:\/\/api.w.org\/{rel}","templated":true}]}}