{"id":102,"date":"2020-12-10T14:23:12","date_gmt":"2020-12-10T13:23:12","guid":{"rendered":"http:\/\/www.snepfsu-martinique.net\/?page_id=102"},"modified":"2024-06-18T17:25:00","modified_gmt":"2024-06-18T15:25:00","slug":"recours","status":"publish","type":"page","link":"https:\/\/www.snepfsu-martinique.net\/index.php\/recours\/","title":{"rendered":"RECOURS"},"content":{"rendered":"\n<p>Chers coll\u00e8gues,<\/p>\n\n\n\n<p>Vous avez demand\u00e9 une mutation au mouvement intra 2024.<\/p>\n\n\n\n<p>Vous n&rsquo;avez pas obtenu satisfaction sur un de vos voeux.<\/p>\n\n\n\n<p>Sachez que vous avez la possibilit\u00e9 de faire un recours.<\/p>\n\n\n\n<p>En effet, au regard des informations glan\u00e9es \u00e7a et l\u00e0, certains ont des motifs l\u00e9gitimes de demander des informations sur le pourquoi ils n&rsquo;ont pas obtenu de mutation.<\/p>\n\n\n\n<p>Etant donn\u00e9 que la proc\u00e9dure de recours est compliqu\u00e9e, le SNEP Martinique peut vous aider dans votre demande de recours.<\/p>\n\n\n\n<p>Celui-ci se fait en deux temps:<\/p>\n\n\n\n<ol>\n<li>un recours gracieux en allant sur le site de l&rsquo;acad\u00e9mie de Martinique.<\/li>\n<\/ol>\n\n\n\n<p>A ce propos, vous trouverez deux pi\u00e8ces jointes qui vous permettront de naviguer pas \u00e0 pas sur le site de l&rsquo;acad\u00e9mie mais aussi un exemple de contenu du courrier qu&rsquo;il faudra ins\u00e9rer dans un encart sp\u00e9cial sur le site.<\/p>\n\n\n\n<p>Notez bien la date \u00e0 laquelle vous avez d\u00e9pos\u00e9 la demande.<\/p>\n\n\n\n<p>Logiquement, vous devriez avoir une r\u00e9ponse avant le 22 juillet.<\/p>\n\n\n\n<ol start=\"2\">\n<li>Si vous n&rsquo;obteniez pas de r\u00e9ponse dans un d\u00e9lai de deux mois, vous aurez la possibilit\u00e9 de d\u00e9poser un recours au tribunal administratif.<\/li>\n<\/ol>\n\n\n\n<p>N&rsquo;h\u00e9sitez pas \u00e0 nous contacter pour d&rsquo;\u00e9ventuelles questions.<\/p>\n\n\n\n<p>Le SNEP Martinique<\/p>\n\n\n\n<p><\/p>\n\n\n\n<p><a href=\"http:\/\/www.snepfsu-martinique.net\/wp-content\/uploads\/2024\/06\/Modele-recours-avec-mandatement-.docx\" data-type=\"URL\" data-id=\"http:\/\/www.snepfsu-martinique.net\/wp-content\/uploads\/2024\/06\/Modele-recours-avec-mandatement-.docx\" target=\"_blank\" rel=\"noreferrer noopener\">lettre type \u00e0 t\u00e9l\u00e9charger ICI <\/a><\/p>\n\n\n\n<p><a href=\"http:\/\/www.snepfsu-martinique.net\/wp-content\/uploads\/2024\/06\/tuto-recours-gracieux.pdf\">tuto recours gracieux ici<\/a><br><\/p>\n","protected":false},"excerpt":{"rendered":"<p>Chers coll\u00e8gues, Vous avez demand\u00e9 une mutation au mouvement intra 2024. Vous n&rsquo;avez pas obtenu satisfaction sur un de vos<\/p>\n","protected":false},"author":1,"featured_media":0,"parent":0,"menu_order":1,"comment_status":"closed","ping_status":"closed","template":"","meta":{"_bbp_topic_count":0,"_bbp_reply_count":0,"_bbp_total_topic_count":0,"_bbp_total_reply_count":0,"_bbp_voice_count":0,"_bbp_anonymous_reply_count":0,"_bbp_topic_count_hidden":0,"_bbp_reply_count_hidden":0,"_bbp_forum_subforum_count":0},"_links":{"self":[{"href":"https:\/\/www.snepfsu-martinique.net\/index.php\/wp-json\/wp\/v2\/pages\/102"}],"collection":[{"href":"https:\/\/www.snepfsu-martinique.net\/index.php\/wp-json\/wp\/v2\/pages"}],"about":[{"href":"https:\/\/www.snepfsu-martinique.net\/index.php\/wp-json\/wp\/v2\/types\/page"}],"author":[{"embeddable":true,"href":"https:\/\/www.snepfsu-martinique.net\/index.php\/wp-json\/wp\/v2\/users\/1"}],"replies":[{"embeddable":true,"href":"https:\/\/www.snepfsu-martinique.net\/index.php\/wp-json\/wp\/v2\/comments?post=102"}],"version-history":[{"count":2,"href":"https:\/\/www.snepfsu-martinique.net\/index.php\/wp-json\/wp\/v2\/pages\/102\/revisions"}],"predecessor-version":[{"id":4822,"href":"https:\/\/www.snepfsu-martinique.net\/index.php\/wp-json\/wp\/v2\/pages\/102\/revisions\/4822"}],"wp:attachment":[{"href":"https:\/\/www.snepfsu-martinique.net\/index.php\/wp-json\/wp\/v2\/media?parent=102"}],"curies":[{"name":"wp","href":"https:\/\/api.w.org\/{rel}","templated":true}]}}